{"id":14313,"date":"2025-12-12T09:47:43","date_gmt":"2025-12-12T08:47:43","guid":{"rendered":"https:\/\/ventsystems.de\/produkt\/vs-za-600-i\/"},"modified":"2026-04-20T10:02:40","modified_gmt":"2026-04-20T09:02:40","slug":"vs-za-600-i","status":"publish","type":"product","link":"https:\/\/ventsystems.de\/en\/product\/vs-za-600-i\/","title":{"rendered":"VS-ZA -i"},"content":{"rendered":"<p>Zahnstangenantrieb der i-Serie (600 und 800N).f\u00fcr harte Eins\u00e4tze!<\/p>\n<p>Die Zahnstangenantriebe der Serie VS-ZA verf\u00fcgen \u00fcber die Synchronisationsfunktion und Integration in Bus-Systeme. Bestellbar auch mit Wetter Schutzbeschichtung und High Speed Funktion.<\/p>\n<p>Sie werden sichtbar auf dem Rahmen oder Blendrahmen montiert und eignen sich hervorragend f\u00fcr gro\u00dfe Kipp-, Klapp- und Drehfl\u00fcgel, Schwingfl\u00fcgel, Lichtkuppeln sowie f\u00fcr anspruchsvolle RWA- und L\u00fcftungsanwendungen im Innen- und Au\u00dfenbereich.<\/p>\n<p>Thanks to its thought-out design them to withstand extreme loads without any problems:<br \/>\nTechnical Highlights \u2013 bar directly above the selection can be configured:<\/p>\n<p>Schub- und Zugkraft: 600 N und 800 N (auch bei sehr schweren und gro\u00dfen Fl\u00fcgeln)<br \/>\nHub von 100 mm bis1000 mm (stufenlos einstellbar)<br \/>\nHeavy-duty, precision machined rack made of stainless steel \u2013 extremely sturdy and wear-resistant<br \/>\nVery high clamping force with a softer end position cut-off<br \/>\nIP65 rating \u2013 completely dust-tight and protected against water jets from all directions.<br \/>\nEinfach den gew\u00fcnschten Hub (100\u20131000 mm) \u00fcber die Auswahlleiste w\u00e4hlen und sofort das passende Kraftpaket konfigurieren.<\/p>","protected":false},"excerpt":{"rendered":"<p>Intelligent, programmable, rack-and-pinion drive with sync function and Integration in Bus systems. Can be ordered also with weather protective coating and High-Speed function.<\/p>","protected":false},"featured_media":10474,"template":"","meta":{"_acf_changed":false},"product_brand":[],"product_cat":[1123,1139],"product_tag":[1132],"class_list":{"0":"post-14313","1":"product","2":"type-product","3":"status-publish","4":"has-post-thumbnail","6":"product_cat-sonderantriebe","7":"product_cat-zahnstangenantriebe","8":"product_tag-smartantriebe","9":"pa_hublaenge-51","10":"pa_hublaenge-64","11":"pa_hublaenge-53","12":"pa_hublaenge-55","13":"pa_hublaenge-57","14":"pa_hublaenge-59","15":"pa_hublaenge-62","16":"pa_hublaenge-68","17":"pa_hublaenge-63","18":"pa_hublaenge-69","19":"pa_schubkraft-123","20":"pa_schubkraft-121","22":"first","23":"instock","24":"sale","25":"taxable","26":"shipping-taxable","27":"purchasable","28":"product-type-variable"},"acf":[],"_links":{"self":[{"href":"https:\/\/ventsystems.de\/en\/wp-json\/wp\/v2\/product\/14313","targetHints":{"allow":["GET"]}}],"collection":[{"href":"https:\/\/ventsystems.de\/en\/wp-json\/wp\/v2\/product"}],"about":[{"href":"https:\/\/ventsystems.de\/en\/wp-json\/wp\/v2\/types\/product"}],"wp:featuredmedia":[{"embeddable":true,"href":"https:\/\/ventsystems.de\/en\/wp-json\/wp\/v2\/media\/10474"}],"wp:attachment":[{"href":"https:\/\/ventsystems.de\/en\/wp-json\/wp\/v2\/media?parent=14313"}],"wp:term":[{"taxonomy":"product_brand","embeddable":true,"href":"https:\/\/ventsystems.de\/en\/wp-json\/wp\/v2\/product_brand?post=14313"},{"taxonomy":"product_cat","embeddable":true,"href":"https:\/\/ventsystems.de\/en\/wp-json\/wp\/v2\/product_cat?post=14313"},{"taxonomy":"product_tag","embeddable":true,"href":"https:\/\/ventsystems.de\/en\/wp-json\/wp\/v2\/product_tag?post=14313"}],"curies":[{"name":"wp","href":"https:\/\/api.w.org\/{rel}","templated":true}]}}