{"id":14317,"date":"2025-12-12T09:47:43","date_gmt":"2025-12-12T08:47:43","guid":{"rendered":"https:\/\/ventsystems.de\/produkt\/vs-la\/"},"modified":"2026-04-28T09:11:35","modified_gmt":"2026-04-28T08:11:35","slug":"vs-la","status":"publish","type":"product","link":"https:\/\/ventsystems.de\/fr\/produit\/vs-la\/","title":{"rendered":"VS-LA"},"content":{"rendered":"<p>Linearantriebe VS-LA \u2013 Die kraftvolle L\u00f6sung f\u00fcr gro\u00dfe und schwere Fl\u00fcgel<br \/>\nDie Linearantriebe der Serie VS-LA sind speziell f\u00fcr anspruchsvolle Anwendungen im L\u00fcftungs-, RWA- und Fassadenbereich entwickelt worden. Mit ihrem schlanken, unauff\u00e4lligen Design und der extrem hohen Leistung eignen sie sich ideal f\u00fcr gro\u00dfe Kipp-, Klapp- und Drehfl\u00fcgel, Schwingfl\u00fcgel sowie f\u00fcr schwerste Dachfenster und Lichtkuppeln. Alle Modelle arbeiten wartungsarm, besonders leise und lassen sich problemlos in 24 V-Systeme oder moderne BUS-\/Geb\u00e4udeautomationssysteme integrieren.<br \/>\nFlexibel konfigurierbar \u2013 direkt \u00fcber die Auswahlleiste:<\/p>\n<p>Schub- und Zugkraft von 600 N bis 5.000 N<br \/>\nHub von 100 mm bis 800 mm (je nach Modell stufenlos einstellbar)Die Antrieb sind \u00fcber die Auswahlleiste frei w\u00e4hlbar.<\/p>","protected":false},"excerpt":{"rendered":"<p>Kompakter Linearantrieb mit 600 N-5000N Schubkraft.<\/p>\n<p>Preis inklusive Standard-Konsolensatz. Weitere Konsolens\u00e4tze sind auf Anfrage bestellbar (siehe Downloadbereich)<\/p>","protected":false},"featured_media":2305,"template":"","meta":{"_acf_changed":false},"product_brand":[],"product_cat":[1135],"product_tag":[],"class_list":{"0":"post-14317","1":"product","2":"type-product","3":"status-publish","4":"has-post-thumbnail","6":"product_cat-linearantriebe","7":"pa_hublaenge-51","8":"pa_hublaenge-53","9":"pa_hublaenge-55","10":"pa_hublaenge-57","11":"pa_hublaenge-59","12":"pa_hublaenge-62","13":"pa_hublaenge-68","14":"pa_hublaenge-63","15":"pa_schubkraft-124","16":"pa_schubkraft-125","17":"pa_schubkraft-126","18":"pa_schubkraft-127","19":"pa_schubkraft-123","20":"pa_schubkraft-121","22":"first","23":"instock","24":"sale","25":"taxable","26":"shipping-taxable","27":"purchasable","28":"product-type-variable"},"acf":[],"_links":{"self":[{"href":"https:\/\/ventsystems.de\/fr\/wp-json\/wp\/v2\/product\/14317","targetHints":{"allow":["GET"]}}],"collection":[{"href":"https:\/\/ventsystems.de\/fr\/wp-json\/wp\/v2\/product"}],"about":[{"href":"https:\/\/ventsystems.de\/fr\/wp-json\/wp\/v2\/types\/product"}],"wp:featuredmedia":[{"embeddable":true,"href":"https:\/\/ventsystems.de\/fr\/wp-json\/wp\/v2\/media\/2305"}],"wp:attachment":[{"href":"https:\/\/ventsystems.de\/fr\/wp-json\/wp\/v2\/media?parent=14317"}],"wp:term":[{"taxonomy":"product_brand","embeddable":true,"href":"https:\/\/ventsystems.de\/fr\/wp-json\/wp\/v2\/product_brand?post=14317"},{"taxonomy":"product_cat","embeddable":true,"href":"https:\/\/ventsystems.de\/fr\/wp-json\/wp\/v2\/product_cat?post=14317"},{"taxonomy":"product_tag","embeddable":true,"href":"https:\/\/ventsystems.de\/fr\/wp-json\/wp\/v2\/product_tag?post=14317"}],"curies":[{"name":"wp","href":"https:\/\/api.w.org\/{rel}","templated":true}]}}