{"id":1348,"date":"2025-08-25T06:53:16","date_gmt":"2025-08-25T06:53:16","guid":{"rendered":"https:\/\/ventsystems.de\/home\/"},"modified":"2026-02-04T17:53:01","modified_gmt":"2026-02-04T16:53:01","slug":"home","status":"publish","type":"page","link":"https:\/\/ventsystems.de\/pl\/","title":{"rendered":"Dom"},"content":{"rendered":"<div class=\"et_pb_section_0 et_pb_section et_section_regular et_block_section\">\n<div class=\"et_pb_row_0 et_pb_row et_block_row preset--module--divi-row--5138c454-be54-4233-bd3b-f8e6a8747976\">\n<div class=\"et_pb_column_0 et_pb_column et_pb_column_1_2 et_block_column et_pb_css_mix_blend_mode_passthrough preset--module--divi-column--73121f80-a3ef-4484-8763-c3f18e3c56d2\">\n<div class=\"et_pb_heading_0 et_pb_heading et_pb_module et_block_module preset--module--divi-heading--ddeb8c09-9078-4424-bc15-2efb6572e28e\"><div class=\"et_pb_heading_container\"><h1 class=\"et_pb_module_header\">Okienne, nap\u0119dy, kt\u00f3re poruszaj\u0105 si\u0119<\/h1><\/div><\/div>\n\n<div class=\"et_pb_text_0 et_pb_text et_pb_bg_layout_light et_pb_module et_block_module preset--module--divi-text--2c55a9c4-feed-423b-9edb-ae0b5b365cac\"><div class=\"et_pb_text_inner\"><p>Ponad 20 lat do\u015bwiadczenia w dziedzinie naturalnej wentylacji i odprowadzania spalin \u2013 <strong>Kompleksowe rozwi\u0105zania z certyfikatem CE, z Hamburga.<\/strong><\/p>\n<\/div><\/div>\n\n<div class=\"et_pb_module et_pb_button_module_wrapper et_pb_button_0_wrapper preset--module--divi-button--1bffc0fc-42a0-49d1-bd9a-ae3ade2d7206_wrapper\"><a class=\"et_pb_button_0 et_pb_button et_pb_bg_layout_light et_pb_module et_block_module preset--module--divi-button--1bffc0fc-42a0-49d1-bd9a-ae3ade2d7206\" href=\"https:\/\/ventsystems.de\/pl\/shop-mit-filter\/\">do sklepu<\/a><\/div>\n\n<div class=\"et_pb_blurb_0 et_pb_blurb et_pb_bg_layout_light et_pb_blurb_position_left et_pb_module et_block_module preset--module--divi-blurb--1ea53d41-9439-472c-8d8b-7bddb3bf9444\"><div class=\"et_pb_blurb_content\"><div class=\"et_pb_main_blurb_image\"><span class=\"et_pb_image_wrap\"><span class=\"et-pb-icon\">ci<\/span><\/span><\/div><div class=\"et_pb_blurb_container\"><h4 class=\"et_pb_module_header\">Nap\u0119dy \u0142a\u0144cuchowe<\/h4><div class=\"et_pb_blurb_description\"><p>kompaktowy, niezawodny, idealny dla elewacyjnych i okien dachowych<\/p>\n<\/div><\/div><\/div><\/div>\n\n<div class=\"et_pb_blurb_1 et_pb_blurb et_pb_bg_layout_light et_pb_blurb_position_left et_pb_module et_block_module preset--module--divi-blurb--1ea53d41-9439-472c-8d8b-7bddb3bf9444\"><div class=\"et_pb_blurb_content\"><div class=\"et_pb_main_blurb_image\"><span class=\"et_pb_image_wrap\"><span class=\"et-pb-icon\">ci<\/span><\/span><\/div><div class=\"et_pb_blurb_container\"><h4 class=\"et_pb_module_header\">Nap\u0119dy liniowe<\/h4><div class=\"et_pb_blurb_description\"><p>Mocny dla zwi\u0119kszenia \u0142adowno\u015bci<\/p>\n<\/div><\/div><\/div><\/div>\n\n<div class=\"et_pb_blurb_2 et_pb_blurb et_pb_bg_layout_light et_pb_blurb_position_left et_pb_module et_block_module preset--module--divi-blurb--1ea53d41-9439-472c-8d8b-7bddb3bf9444\"><div class=\"et_pb_blurb_content\"><div class=\"et_pb_main_blurb_image\"><span class=\"et_pb_image_wrap\"><span class=\"et-pb-icon\">ci<\/span><\/span><\/div><div class=\"et_pb_blurb_container\"><h4 class=\"et_pb_module_header\">Nap\u0119dy z\u0119batkowe<\/h4><div class=\"et_pb_blurb_description\"><p>Niezawodny dla z\u0142o\u017conych projekt\u00f3w<\/p>\n<\/div><\/div><\/div><\/div>\n\n<div class=\"et_pb_blurb_3 et_pb_blurb et_pb_bg_layout_light et_pb_blurb_position_left et_pb_module et_block_module preset--module--divi-blurb--1ea53d41-9439-472c-8d8b-7bddb3bf9444\"><div class=\"et_pb_blurb_content\"><div class=\"et_pb_main_blurb_image\"><span class=\"et_pb_image_wrap\"><span class=\"et-pb-icon\">ci<\/span><\/span><\/div><div class=\"et_pb_blurb_container\"><h4 class=\"et_pb_module_header\">\u0179r\u00f3d\u0142a zasilania i elementy sterowania<\/h4><div class=\"et_pb_blurb_description\"><p>Przyj\u0119ta technika dla bezpiecznych proces\u00f3w otwierania<\/p>\n<\/div><\/div><\/div><\/div>\n<\/div>\n\n<div class=\"et_pb_column_1 et_pb_column et_pb_column_1_2 et-last-child et_block_column et_pb_css_mix_blend_mode_passthrough preset--module--divi-column--73121f80-a3ef-4484-8763-c3f18e3c56d2\">\n<div class=\"et_pb_image_0 et_pb_image et_pb_module et_block_module preset--module--divi-image--6ed8fd5c-62c5-4100-98c3-7b8b6d2c2ee6\"><span class=\"et_pb_image_wrap\"><img loading=\"lazy\" decoding=\"async\" src=\"https:\/\/ventsystems.de\/wp-content\/uploads\/2025\/11\/Natuerliche-Lueftung-mit-Fensterantrieben.jpg\" title=\"Wentylacja naturalna z nap\u0119dem od okien\" width=\"768\" height=\"1024\" srcset=\"https:\/\/ventsystems.de\/wp-content\/uploads\/2025\/11\/Natuerliche-Lueftung-mit-Fensterantrieben.jpg 768w, https:\/\/ventsystems.de\/wp-content\/uploads\/2025\/11\/Natuerliche-Lueftung-mit-Fensterantrieben-480x640.jpg 480w\" sizes=\"(min-width: 0px) and (max-width: 480px) 480px, (min-width: 481px) 768px, 100vw\" class=\"wp-image-10826\" alt=\"\"><\/span><\/div>\n<\/div>\n<\/div>\n<\/div>\n\n<div class=\"et_pb_section_1 et_pb_section et_section_regular et_block_section\">\n<div class=\"et_pb_row_1 et_pb_row et_block_row\">\n<div class=\"et_pb_column_2 et_pb_column et_pb_column_4_4 et-last-child et_block_column et_pb_css_mix_blend_mode_passthrough\">\n<div class=\"et_pb_heading_1 et_pb_heading et_clickable et_pb_module et_block_module preset--module--divi-heading--c33f07d9-41e0-421a-8799-5799df695cce\"><div class=\"et_pb_heading_container\"><h2 class=\"et_pb_module_header\">Jak nas wyr\u00f3\u017cnia<\/h2><\/div><\/div>\n<\/div>\n<\/div>\n\n<div class=\"et_pb_row_2 et_pb_row et_grid_row\">\n<div class=\"et_pb_column_3 et_pb_column et_block_column et_pb_css_mix_blend_mode_passthrough et_clickable preset--module--divi-column--50607da8-57bc-4d4b-aaef-f02e41c2cc4a\">\n<div class=\"et_pb_icon_0 et_pb_icon et_clickable et_pb_module et_block_module preset--module--divi-icon--c2c23269-d09e-4bca-9247-65cd5ecf15a9\"><span class=\"et_pb_icon_wrap\"><a href=\"https:\/\/ventsystems.de\/pl\/shop-mit-filter\/\" target=\"\"><span class=\"et-pb-icon\">ci<\/span><\/a><\/span><\/div>\n\n<div class=\"et_pb_heading_2 et_pb_heading et_clickable et_pb_module et_block_module preset--module--divi-heading--c2c23269-d09e-4bca-9247-65cd5ecf15a9\"><div class=\"et_pb_heading_container\"><h4 class=\"et_pb_module_header\">Kompleksowe rozwi\u0105zania z certyfikatem CE<\/h4><\/div><\/div>\n<\/div>\n\n<div class=\"et_pb_column_4 et_pb_column et_block_column et_pb_css_mix_blend_mode_passthrough preset--module--divi-column--50607da8-57bc-4d4b-aaef-f02e41c2cc4a\">\n<div class=\"et_pb_icon_1 et_pb_icon et_pb_module et_block_module preset--module--divi-icon--c2c23269-d09e-4bca-9247-65cd5ecf15a9\"><span class=\"et_pb_icon_wrap\"><span class=\"et-pb-icon\">ci<\/span><\/span><\/div>\n\n<div class=\"et_pb_heading_3 et_pb_heading et_clickable et_pb_module et_block_module preset--module--divi-heading--c2c23269-d09e-4bca-9247-65cd5ecf15a9\"><div class=\"et_pb_heading_container\"><h4 class=\"et_pb_module_header\">Wysoka elastyczno\u015b\u0107 dzi\u0119ki r\u00f3\u017cnorodno\u015bci wariant\u00f3w<\/h4><\/div><\/div>\n<\/div>\n\n<div class=\"et_pb_column_5 et_pb_column et_block_column et_pb_css_mix_blend_mode_passthrough preset--module--divi-column--50607da8-57bc-4d4b-aaef-f02e41c2cc4a\">\n<div class=\"et_pb_icon_2 et_pb_icon et_pb_module et_block_module preset--module--divi-icon--c2c23269-d09e-4bca-9247-65cd5ecf15a9\"><span class=\"et_pb_icon_wrap\"><span class=\"et-pb-icon\">ci<\/span><\/span><\/div>\n\n<div class=\"et_pb_heading_4 et_pb_heading et_clickable et_pb_module et_block_module preset--module--divi-heading--c2c23269-d09e-4bca-9247-65cd5ecf15a9\"><div class=\"et_pb_heading_container\"><h4 class=\"et_pb_module_header\">Wsparcie na poziomie oczu<\/h4><\/div><\/div>\n<\/div>\n\n<div class=\"et_pb_column_6 et_pb_column et_block_column et_pb_css_mix_blend_mode_passthrough preset--module--divi-column--50607da8-57bc-4d4b-aaef-f02e41c2cc4a\">\n<div class=\"et_pb_icon_3 et_pb_icon et_pb_module et_block_module preset--module--divi-icon--c2c23269-d09e-4bca-9247-65cd5ecf15a9\"><span class=\"et_pb_icon_wrap\"><span class=\"et-pb-icon\">ci<\/span><\/span><\/div>\n\n<div class=\"et_pb_heading_5 et_pb_heading et_clickable et_pb_module et_block_module preset--module--divi-heading--c2c23269-d09e-4bca-9247-65cd5ecf15a9\"><div class=\"et_pb_heading_container\"><h4 class=\"et_pb_module_header\">bezpo\u015bredni kontakt, szybki czas reakcji<\/h4><\/div><\/div>\n<\/div>\n\n<div class=\"et_pb_column_7 et_pb_column et_block_column et_pb_css_mix_blend_mode_passthrough preset--module--divi-column--50607da8-57bc-4d4b-aaef-f02e41c2cc4a\">\n<div class=\"et_pb_icon_4 et_pb_icon et_pb_module et_block_module preset--module--divi-icon--c2c23269-d09e-4bca-9247-65cd5ecf15a9\"><span class=\"et_pb_icon_wrap\"><span class=\"et-pb-icon\">ci<\/span><\/span><\/div>\n\n<div class=\"et_pb_heading_6 et_pb_heading et_clickable et_pb_module et_block_module preset--module--divi-heading--c2c23269-d09e-4bca-9247-65cd5ecf15a9\"><div class=\"et_pb_heading_container\"><h4 class=\"et_pb_module_header\">Z w\u0142asnym magazynem w Hamburgu<\/h4><\/div><\/div>\n<\/div>\n\n<div class=\"et_pb_column_8 et_pb_column et-last-child et_block_column et_pb_css_mix_blend_mode_passthrough preset--module--divi-column--50607da8-57bc-4d4b-aaef-f02e41c2cc4a\">\n<div class=\"et_pb_icon_5 et_pb_icon et_pb_module et_block_module preset--module--divi-icon--c2c23269-d09e-4bca-9247-65cd5ecf15a9\"><span class=\"et_pb_icon_wrap\"><span class=\"et-pb-icon\">ci<\/span><\/span><\/div>\n\n<div class=\"et_pb_heading_7 et_pb_heading et_clickable et_pb_module et_block_module preset--module--divi-heading--c2c23269-d09e-4bca-9247-65cd5ecf15a9\"><div class=\"et_pb_heading_container\"><h4 class=\"et_pb_module_header\">Kompleksowe rozwi\u0105zania z certyfikatem CE<\/h4><\/div><\/div>\n<\/div>\n<\/div>\n<\/div>\n\n<div class=\"et_pb_section_2 et_pb_section et_section_regular et_block_section\">\n<div class=\"et_pb_row_3 et_pb_row et_block_row\">\n<div class=\"et_pb_column_9 et_pb_column et_pb_column_4_4 et-last-child et_block_column et_pb_css_mix_blend_mode_passthrough\">\n<div class=\"et_pb_heading_8 et_pb_heading et_clickable et_pb_module et_block_module preset--module--divi-heading--f0c675ea-2574-4d0e-b725-30f8550a8550\"><div class=\"et_pb_heading_container\"><h4 class=\"et_pb_module_header\">Obszary zastosowania<\/h4><\/div><\/div>\n<\/div>\n<\/div>\n\n<div class=\"et_pb_row_4 et_pb_row et_grid_row\" id=\"id_application-grid\">\n<div class=\"et_pb_column_10 et_pb_column et_block_column et_pb_css_mix_blend_mode_passthrough et_clickable preset--module--divi-column--50607da8-57bc-4d4b-aaef-f02e41c2cc4a\">\n<div class=\"et_pb_image_1 et_pb_image et_pb_module et_flex_module\"><span class=\"et_pb_image_wrap\"><img loading=\"lazy\" decoding=\"async\" src=\"https:\/\/ventsystems.de\/wp-content\/uploads\/2025\/11\/Dreiecksdachfenster-mit-Linearantrieben.jpg\" title=\"Tr\u00f3jk\u0105tne okno dachowe z nap\u0119dami liniowymi\" width=\"1440\" height=\"1080\" srcset=\"https:\/\/ventsystems.de\/wp-content\/uploads\/2025\/11\/Dreiecksdachfenster-mit-Linearantrieben.jpg 1440w, https:\/\/ventsystems.de\/wp-content\/uploads\/2025\/11\/Dreiecksdachfenster-mit-Linearantrieben-1280x960.jpg 1280w, https:\/\/ventsystems.de\/wp-content\/uploads\/2025\/11\/Dreiecksdachfenster-mit-Linearantrieben-980x735.jpg 980w, https:\/\/ventsystems.de\/wp-content\/uploads\/2025\/11\/Dreiecksdachfenster-mit-Linearantrieben-480x360.jpg 480w\" sizes=\"(min-width: 0px) and (max-width: 480px) 480px, (min-width: 481px) and (max-width: 980px) 980px, (min-width: 981px) and (max-width: 1280px) 1280px, (min-width: 1281px) 1440px, 100vw\" class=\"wp-image-10821\" alt=\"\"><\/span><\/div>\n\n<div class=\"et_pb_heading_9 et_pb_heading et_clickable et_pb_module et_block_module preset--module--divi-heading--f0c675ea-2574-4d0e-b725-30f8550a8550\"><div class=\"et_pb_heading_container\"><h4 class=\"et_pb_module_header\">Okno dachowe<\/h4><\/div><\/div>\n<\/div>\n\n<div class=\"et_pb_column_11 et_pb_column et_block_column et_pb_css_mix_blend_mode_passthrough preset--module--divi-column--50607da8-57bc-4d4b-aaef-f02e41c2cc4a\">\n<div class=\"et_pb_image_2 et_pb_image et_pb_module et_flex_module\"><span class=\"et_pb_image_wrap\"><img loading=\"lazy\" decoding=\"async\" src=\"https:\/\/ventsystems.de\/wp-content\/uploads\/2025\/11\/Fassadenfenster-mit-Linearantrieben.jpg\" title=\"Okna fasadowe z nap\u0119dami liniowymi\" width=\"1706\" height=\"1279\" srcset=\"https:\/\/ventsystems.de\/wp-content\/uploads\/2025\/11\/Fassadenfenster-mit-Linearantrieben.jpg 1706w, https:\/\/ventsystems.de\/wp-content\/uploads\/2025\/11\/Fassadenfenster-mit-Linearantrieben-1280x960.jpg 1280w, https:\/\/ventsystems.de\/wp-content\/uploads\/2025\/11\/Fassadenfenster-mit-Linearantrieben-980x735.jpg 980w, https:\/\/ventsystems.de\/wp-content\/uploads\/2025\/11\/Fassadenfenster-mit-Linearantrieben-480x360.jpg 480w\" sizes=\"(min-width: 0px) and (max-width: 480px) 480px, (min-width: 481px) and (max-width: 980px) 980px, (min-width: 981px) and (max-width: 1280px) 1280px, (min-width: 1281px) 1706px, 100vw\" class=\"wp-image-10822\" alt=\"\"><\/span><\/div>\n\n<div class=\"et_pb_heading_10 et_pb_heading et_clickable et_pb_module et_block_module preset--module--divi-heading--f0c675ea-2574-4d0e-b725-30f8550a8550\"><div class=\"et_pb_heading_container\"><h4 class=\"et_pb_module_header\">Okna elewacyjne<\/h4><\/div><\/div>\n<\/div>\n\n<div class=\"et_pb_column_12 et_pb_column et_block_column et_pb_css_mix_blend_mode_passthrough preset--module--divi-column--50607da8-57bc-4d4b-aaef-f02e41c2cc4a\">\n<div class=\"et_pb_image_3 et_pb_image et_pb_module et_flex_module\"><span class=\"et_pb_image_wrap\"><img loading=\"lazy\" decoding=\"async\" src=\"https:\/\/ventsystems.de\/wp-content\/uploads\/2025\/11\/Automatisch-oeffnendes-Dachfenster-scaled.jpg\" title=\"Automatycznie otwiera okno dachowe\" width=\"1920\" height=\"1264\" srcset=\"https:\/\/ventsystems.de\/wp-content\/uploads\/2025\/11\/Automatisch-oeffnendes-Dachfenster-scaled.jpg 1920w, https:\/\/ventsystems.de\/wp-content\/uploads\/2025\/11\/Automatisch-oeffnendes-Dachfenster-1280x843.jpg 1280w, https:\/\/ventsystems.de\/wp-content\/uploads\/2025\/11\/Automatisch-oeffnendes-Dachfenster-980x645.jpg 980w, https:\/\/ventsystems.de\/wp-content\/uploads\/2025\/11\/Automatisch-oeffnendes-Dachfenster-480x316.jpg 480w\" sizes=\"(min-width: 0px) and (max-width: 480px) 480px, (min-width: 481px) and (max-width: 980px) 980px, (min-width: 981px) and (max-width: 1280px) 1280px, (min-width: 1281px) 1920px, 100vw\" class=\"wp-image-10815\" alt=\"\"><\/span><\/div>\n\n<div class=\"et_pb_heading_11 et_pb_heading et_clickable et_pb_module et_block_module preset--module--divi-heading--f0c675ea-2574-4d0e-b725-30f8550a8550\"><div class=\"et_pb_heading_container\"><h4 class=\"et_pb_module_header\">Kopu\u0142y \u015bwietlne<\/h4><\/div><\/div>\n<\/div>\n\n<div class=\"et_pb_column_13 et_pb_column et_block_column et_pb_css_mix_blend_mode_passthrough et_clickable preset--module--divi-column--50607da8-57bc-4d4b-aaef-f02e41c2cc4a\">\n<div class=\"et_pb_image_4 et_pb_image et_pb_module et_flex_module\"><span class=\"et_pb_image_wrap\"><img loading=\"lazy\" decoding=\"async\" src=\"https:\/\/ventsystems.de\/wp-content\/uploads\/2025\/11\/Natuerliche-Lueftung-mit-Fensterantrieben.jpg\" title=\"Wentylacja naturalna z nap\u0119dem od okien\" width=\"768\" height=\"1024\" srcset=\"https:\/\/ventsystems.de\/wp-content\/uploads\/2025\/11\/Natuerliche-Lueftung-mit-Fensterantrieben.jpg 768w, https:\/\/ventsystems.de\/wp-content\/uploads\/2025\/11\/Natuerliche-Lueftung-mit-Fensterantrieben-480x640.jpg 480w\" sizes=\"(min-width: 0px) and (max-width: 480px) 480px, (min-width: 481px) 768px, 100vw\" class=\"wp-image-10826\" alt=\"\"><\/span><\/div>\n\n<div class=\"et_pb_heading_12 et_pb_heading et_clickable et_pb_module et_block_module preset--module--divi-heading--f0c675ea-2574-4d0e-b725-30f8550a8550\"><div class=\"et_pb_heading_container\"><h4 class=\"et_pb_module_header\">Systemy naturalnej wentylacji<\/h4><\/div><\/div>\n<\/div>\n\n<div class=\"et_pb_column_14 et_pb_column et_block_column et_pb_css_mix_blend_mode_passthrough preset--module--divi-column--50607da8-57bc-4d4b-aaef-f02e41c2cc4a\">\n<div class=\"et_pb_image_5 et_pb_image et_pb_module et_flex_module\"><span class=\"et_pb_image_wrap\"><img loading=\"lazy\" decoding=\"async\" src=\"https:\/\/ventsystems.de\/wp-content\/uploads\/2025\/11\/Rauchabzug-mit-Dreiecksdachfluegel-und-Spindelantrieben.jpg\" title=\"Komin z tr\u00f3jk\u0105tnym skrzyd\u0142em na dachu i nap\u0119dem wrzeciona\" width=\"640\" height=\"640\" srcset=\"https:\/\/ventsystems.de\/wp-content\/uploads\/2025\/11\/Rauchabzug-mit-Dreiecksdachfluegel-und-Spindelantrieben.jpg 640w, https:\/\/ventsystems.de\/wp-content\/uploads\/2025\/11\/Rauchabzug-mit-Dreiecksdachfluegel-und-Spindelantrieben-480x480.jpg 480w\" sizes=\"(min-width: 0px) and (max-width: 480px) 480px, (min-width: 481px) 640px, 100vw\" class=\"wp-image-10827\" alt=\"\"><\/span><\/div>\n\n<div class=\"et_pb_heading_13 et_pb_heading et_clickable et_pb_module et_block_module preset--module--divi-heading--f0c675ea-2574-4d0e-b725-30f8550a8550\"><div class=\"et_pb_heading_container\"><h4 class=\"et_pb_module_header\">Czujka dymu i ciep\u0142a (RWA)<\/h4><\/div><\/div>\n<\/div>\n\n<div class=\"et_pb_column_15 et_pb_column et-last-child et_block_column et_pb_css_mix_blend_mode_passthrough preset--module--divi-column--50607da8-57bc-4d4b-aaef-f02e41c2cc4a\">\n<div class=\"et_pb_image_6 et_pb_image et_pb_module et_flex_module\"><span class=\"et_pb_image_wrap\"><img loading=\"lazy\" decoding=\"async\" src=\"https:\/\/ventsystems.de\/wp-content\/uploads\/2025\/11\/Lueftungstaster-VS-LT-230V.jpg\" title=\"Przycisk wentylacji VS-LT 230 v\" width=\"1719\" height=\"1719\" srcset=\"https:\/\/ventsystems.de\/wp-content\/uploads\/2025\/11\/Lueftungstaster-VS-LT-230V.jpg 1719w, https:\/\/ventsystems.de\/wp-content\/uploads\/2025\/11\/Lueftungstaster-VS-LT-230V-1280x1280.jpg 1280w, https:\/\/ventsystems.de\/wp-content\/uploads\/2025\/11\/Lueftungstaster-VS-LT-230V-980x980.jpg 980w, https:\/\/ventsystems.de\/wp-content\/uploads\/2025\/11\/Lueftungstaster-VS-LT-230V-480x480.jpg 480w\" sizes=\"(min-width: 0px) and (max-width: 480px) 480px, (min-width: 481px) and (max-width: 980px) 980px, (min-width: 981px) and (max-width: 1280px) 1280px, (min-width: 1281px) 1719px, 100vw\" class=\"wp-image-9801\" alt=\"\"><\/span><\/div>\n\n<div class=\"et_pb_heading_14 et_pb_heading et_clickable et_pb_module et_block_module preset--module--divi-heading--f0c675ea-2574-4d0e-b725-30f8550a8550\"><div class=\"et_pb_heading_container\"><h4 class=\"et_pb_module_header\">Bordautomation & Weitere Anwendungsbereiche<\/h4><\/div><\/div>\n<\/div>\n<\/div>\n<\/div>\n\n\n\n\n\n<div class=\"et_pb_section_5 et_pb_section et_section_regular et_flex_section\"><div class=\"et_pb_row_8 et_pb_row et_flex_row\"><div class=\"et_pb_column_21 et_pb_column et_flex_column et_pb_css_mix_blend_mode_passthrough et_flex_column_16_24 et_flex_column_16_24_tablet et_flex_column_24_24_phone\"><div class=\"et_pb_contact_form_0 et_pb_contact_form_container clearfix et_pb_module et_flex_module\" data-form_unique_num=\"0\" data-form_unique_id=\"648601ec-7dc8-43c5-ad0c-1787e032896e\" id=\"et_pb_contact_form_648601ec-7dc8-43c5-ad0c-1787e032896e\"><div class=\"et-pb-contact-message\"><\/div><div class=\"et_pb_contact\"><form class=\"et_pb_contact_form et_flex_module\" method=\"post\" action=\"https:\/\/ventsystems.de\/pl\/wp-json\/wp\/v2\/pages\/1348\" data-trp-original-action=\"https:\/\/ventsystems.de\/pl\/wp-json\/wp\/v2\/pages\/1348\"><div class=\"et_pb_contact_field_0 et_pb_contact_field et_pb_module et_flex_module et_flex_column_12_24 et_flex_column_12_24_tablet et_flex_column_12_24_phone\" data-id=\"name\" data-type=\"input\"><label class=\"et_pb_contact_form_label\" for=\"et_pb_contact_0_name_0\">Nazwisko<\/label><input type=\"text\" name=\"et_pb_contact_0_name_0\" id=\"et_pb_contact_0_name_0\" class=\"input\" data-required_mark=\"required\" data-field_type=\"input\" data-original_id=\"name\" placeholder=\"Nazwisko\" title=\"\" value=\"\" \/><\/div><div class=\"et_pb_contact_field_1 et_pb_contact_field et_pb_module et_flex_module et_flex_column_12_24 et_flex_column_12_24_tablet et_flex_column_12_24_phone\" data-id=\"email\" data-type=\"input\"><label class=\"et_pb_contact_form_label\" for=\"et_pb_contact_0_email_1\">Adres e-mail<\/label><input type=\"text\" name=\"et_pb_contact_0_email_1\" id=\"et_pb_contact_0_email_1\" class=\"input\" data-required_mark=\"required\" data-field_type=\"input\" data-original_id=\"email\" placeholder=\"Adres e-mail\" title=\"\" value=\"\" \/><\/div><div class=\"et_pb_contact_field_2 et_pb_contact_field et_pb_module et_flex_module et_flex_column_24_24 et_flex_column_24_24_tablet et_flex_column_24_24_phone\" data-id=\"message\" data-type=\"text\"><label class=\"et_pb_contact_form_label\" for=\"et_pb_contact_0_message_2\">Wiadomo\u015b\u0107<\/label><textarea name=\"et_pb_contact_0_message_2\" id=\"et_pb_contact_0_message_2\" class=\"et_pb_contact_message input\" data-required_mark=\"required\" data-field_type=\"text\" data-original_id=\"message\" placeholder=\"Wiadomo\u015b\u0107\"><\/textarea><\/div><input type=\"hidden\" name=\"et_pb_contactform_submit_648601ec-7dc8-43c5-ad0c-1787e032896e\" value=\"et_contact_proccess\" \/><div class=\"et_contact_bottom_container\"><div class=\"et_pb_button_wrapper\"><button type=\"submit\" name=\"et_builder_submit_button\" class=\"et_pb_button et_pb_contact_submit\">Wysy\u0142a\u0107<\/button><\/div><\/div><input type=\"hidden\" id=\"_wpnonce-et-pb-contact-form-submitted-648601ec-7dc8-43c5-ad0c-1787e032896e\" name=\"_wpnonce-et-pb-contact-form-submitted-648601ec-7dc8-43c5-ad0c-1787e032896e\" value=\"49dd0027c6\" \/><input type=\"hidden\" name=\"_wp_http_referer\" value=\"\/pl\/wp-json\/wp\/v2\/pages\/1348\" \/><input type=\"hidden\" name=\"trp-form-language\" value=\"pl\"\/><\/form><\/div><\/div><\/div><div class=\"et_pb_column_22 et_pb_column et-last-child et_flex_column et_pb_css_mix_blend_mode_passthrough et_flex_column_8_24 et_flex_column_8_24_tablet et_flex_column_24_24_phone\"><div class=\"et_pb_text_3 et_pb_text et_pb_bg_layout_light et_pb_module et_flex_module\"><div class=\"et_pb_text_inner\"><h3>Indywidualne rozwi\u0105zania<\/h3>\n<p>Skontaktuj si\u0119 z nami w celu uzyskania indywidualnych rozwi\u0105za\u0144 i skorzystaj z naszego wy\u0142\u0105cznego dost\u0119pu do dealersk\u0105 centra. <strong>Skontaktuj si\u0119 z nami<\/strong> i podnie\u015b swoje projekty na nowy poziom!<\/p>\n<\/div><\/div><\/div><\/div><\/div>\n\n<div class=\"et_pb_section_6 et_pb_section et_section_regular et_block_section\">\n<div class=\"et_pb_row_9 et_pb_row et_block_row preset--module--divi-row--5138c454-be54-4233-bd3b-f8e6a8747976\">\n<div class=\"et_pb_column_23 et_pb_column et_pb_column_4_4 et-last-child et_block_column et_pb_css_mix_blend_mode_passthrough preset--module--divi-column--73121f80-a3ef-4484-8763-c3f18e3c56d2\">\n<div class=\"et_pb_cta_0 et_pb_promo et_pb_bg_layout_light et_pb_module et_block_module preset--module--divi-cta--4c2ad5d0-871e-414e-a4be-aa9134d4ae8e\"><div class=\"et_pb_promo_description\"><h2 class=\"et_pb_module_header\">Zr\u00f3b kopi\u0119 zapasow\u0105 okiennych rozwi\u0105za\u0144 ju\u017c teraz!<\/h2><div class=\"et_pb_promo_content\"><p>Odkryj nasze wysokiej jako\u015bci okienne nap\u0119dy i systemy sterowania.\u00a0<\/p>\n<\/div><\/div><div class=\"et_pb_button_wrapper\"><a class=\"et_pb_button et_pb_promo_button\" href=\"https:\/\/ventsystems.de\/pl\/shop-mit-filter\/\">Kup teraz<\/a><\/div><\/div>\n<\/div>\n<\/div>\n<\/div>","protected":false},"excerpt":{"rendered":"","protected":false},"author":1,"featured_media":0,"parent":0,"menu_order":100,"comment_status":"closed","ping_status":"closed","template":"","meta":{"_acf_changed":false,"footnotes":""},"folder":[25,1205],"class_list":["post-1348","page","type-page","status-publish","hentry"],"acf":[],"_links":{"self":[{"href":"https:\/\/ventsystems.de\/pl\/wp-json\/wp\/v2\/pages\/1348","targetHints":{"allow":["GET"]}}],"collection":[{"href":"https:\/\/ventsystems.de\/pl\/wp-json\/wp\/v2\/pages"}],"about":[{"href":"https:\/\/ventsystems.de\/pl\/wp-json\/wp\/v2\/types\/page"}],"author":[{"embeddable":true,"href":"https:\/\/ventsystems.de\/pl\/wp-json\/wp\/v2\/users\/1"}],"replies":[{"embeddable":true,"href":"https:\/\/ventsystems.de\/pl\/wp-json\/wp\/v2\/comments?post=1348"}],"version-history":[{"count":40,"href":"https:\/\/ventsystems.de\/pl\/wp-json\/wp\/v2\/pages\/1348\/revisions"}],"predecessor-version":[{"id":14942,"href":"https:\/\/ventsystems.de\/pl\/wp-json\/wp\/v2\/pages\/1348\/revisions\/14942"}],"wp:attachment":[{"href":"https:\/\/ventsystems.de\/pl\/wp-json\/wp\/v2\/media?parent=1348"}],"wp:term":[{"taxonomy":"folder","embeddable":true,"href":"https:\/\/ventsystems.de\/pl\/wp-json\/wp\/v2\/folder?post=1348"}],"curies":[{"name":"wp","href":"https:\/\/api.w.org\/{rel}","templated":true}]}}