{"id":1351,"date":"2025-08-25T06:53:16","date_gmt":"2025-08-25T06:53:16","guid":{"rendered":"https:\/\/ventsystems.de\/about\/"},"modified":"2026-01-26T09:32:29","modified_gmt":"2026-01-26T08:32:29","slug":"ueber-uns","status":"publish","type":"page","link":"https:\/\/ventsystems.de\/pl\/ueber-uns\/","title":{"rendered":"O nas"},"content":{"rendered":"<div class=\"et_pb_section_0 et_pb_section et_section_regular et_flex_section\">\n<div class=\"et_pb_row_0 et_pb_row et_flex_row\">\n<div class=\"et_pb_column_0 et_pb_column et-last-child et_flex_column et_pb_css_mix_blend_mode_passthrough et_flex_column_24_24 et_flex_column_24_24_tablet et_flex_column_24_24_phone\">\n<div class=\"et_pb_image_0 et_pb_image et_pb_module et_flex_module\"><span class=\"et_pb_image_wrap\"><img loading=\"lazy\" decoding=\"async\" src=\"https:\/\/ventsystems.de\/wp-content\/uploads\/2025\/12\/logo-scaled-e1765134217825.jpg\" title=\"logo\" width=\"2048\" height=\"337\" srcset=\"https:\/\/ventsystems.de\/wp-content\/uploads\/2025\/12\/logo-scaled-e1765134217825.jpg 2048w, https:\/\/ventsystems.de\/wp-content\/uploads\/2025\/12\/logo-scaled-e1765134217825-1280x337.jpg 1280w, https:\/\/ventsystems.de\/wp-content\/uploads\/2025\/12\/logo-scaled-e1765134217825-980x337.jpg 980w, https:\/\/ventsystems.de\/wp-content\/uploads\/2025\/12\/logo-scaled-e1765134217825-480x270.jpg 480w\" sizes=\"(min-width: 0px) and (max-width: 480px) 480px, (min-width: 481px) and (max-width: 980px) 980px, (min-width: 981px) and (max-width: 1280px) 1280px, (min-width: 1281px) 2048px, 100vw\" class=\"wp-image-13922\" alt=\"\"><\/span><\/div>\n<\/div>\n<\/div>\n<\/div>\n\n<div class=\"et_pb_section_1 et_pb_section et_section_regular et_block_section\">\n<div class=\"et_pb_row_1 et_pb_row et_flex_row\">\n<div class=\"et_pb_column_1 et_pb_column et_block_column et_pb_css_mix_blend_mode_passthrough et_flex_column_12_24 et_flex_column_12_24_tablet et_flex_column_24_24_phone\">\n<div class=\"et_pb_text_0 et_pb_text et_pb_bg_layout_light et_pb_module et_flex_module\"><div class=\"et_pb_text_inner\"><h1>Kim jeste\u015bmy<\/h1>\n<p>Vent-Systems HDI GmbH - to firma prywatna z Hamburga, specjalizuj\u0105ca si\u0119 w naturalnej wentylacji i \u0434\u044b\u043c\u043e\u043e\u0442\u0432\u043e\u0434\u0435.<\/p>\n<p>Posiadaj\u0105c ponad 20-letnim do\u015bwiadczeniem, zapewniamy wsparcie rzemios\u0142a firmom, producentom okien, \u044d\u043b\u0435\u043a\u0442\u0440\u043e\u043c\u043e\u043d\u0442\u0430\u0436\u043d\u0438\u043a\u0430\u043c, a tak\u017ce budowlanym i projektowym firmy w zapewnieniu bezpiecznego wykonywania wymaga\u0144 technicznych.<\/p>\n<p>Nasze wymagania: <strong>niezawodne produkty, jasny komunikacja i szybka obs\u0142uga<\/strong> \u2013 aby projekty by\u0142y planowanymi i dzia\u0142a\u0142y bez zarzutu.<\/p>\n<\/div><\/div>\n<\/div>\n\n<div class=\"et_pb_column_2 et_pb_column et-last-child et_block_column et_pb_css_mix_blend_mode_passthrough et_flex_column_12_24 et_flex_column_12_24_tablet et_flex_column_24_24_phone\">\n<div class=\"et_pb_video_0 et_pb_video et_pb_module et_flex_module\"><div class=\"et_pb_video_box\"><iframe loading=\"lazy\" title=\"Produktion der Kettenantriebe  Production of window drives.                       www.ventsystems.de\" width=\"1080\" height=\"608\" src=\"https:\/\/www.youtube.com\/embed\/FgZOPFkZ74g?feature=oembed\"  allow=\"accelerometer; autoplay; clipboard-write; encrypted-media; gyroscope; picture-in-picture; web-share\" referrerpolicy=\"strict-origin-when-cross-origin\" allowfullscreen><\/iframe><\/div><\/div>\n<\/div>\n<\/div>\n<\/div>\n\n<div class=\"et_pb_section_2 et_pb_section et_section_regular et_flex_section\">\n<div class=\"et_pb_row_2 et_pb_row et_flex_row\">\n<div class=\"et_pb_column_3 et_pb_column et_block_column et_pb_css_mix_blend_mode_passthrough et_flex_column_12_24 et_flex_column_12_24_tablet et_flex_column_24_24_phone\">\n<div class=\"et_pb_image_1 et_pb_image et_pb_module et_flex_module\"><span class=\"et_pb_image_wrap\"><img loading=\"lazy\" decoding=\"async\" src=\"https:\/\/ventsystems.de\/wp-content\/uploads\/2026\/01\/Kettenantrieb-mit-einem-Lueftungssystem.png\" title=\"Kettenantrieb mit einem L\u00fcftungssystem\" width=\"1198\" height=\"1240\" srcset=\"https:\/\/ventsystems.de\/wp-content\/uploads\/2026\/01\/Kettenantrieb-mit-einem-Lueftungssystem.png 1198w, https:\/\/ventsystems.de\/wp-content\/uploads\/2026\/01\/Kettenantrieb-mit-einem-Lueftungssystem-980x1014.png 980w, https:\/\/ventsystems.de\/wp-content\/uploads\/2026\/01\/Kettenantrieb-mit-einem-Lueftungssystem-480x497.png 480w\" sizes=\"(min-width: 0px) and (max-width: 480px) 480px, (min-width: 481px) and (max-width: 980px) 980px, (min-width: 981px) 1198px, 100vw\" class=\"wp-image-14940\" alt=\"\"><\/span><\/div>\n<\/div>\n\n<div class=\"et_pb_column_4 et_pb_column et-last-child et_block_column et_pb_css_mix_blend_mode_passthrough et_flex_column_12_24 et_flex_column_12_24_tablet et_flex_column_24_24_phone\">\n<div class=\"et_pb_text_1 et_pb_text et_pb_bg_layout_light et_pb_module et_flex_module\"><div class=\"et_pb_text_inner\"><h2>Nasz spos\u00f3b pracy<\/h2>\n<p>Wiemy, jak wa\u017cna jest niezawodno\u015b\u0107 w rzemie\u015blniczym i miejscu, w biznesie. Dlatego opowiadamy si\u0119 za:<\/p>\n<p>- <strong>Szybki czas reakcji<\/strong> i bezpo\u015bredni dost\u0119p<\/p>\n<p>- <strong>Doradztwo techniczne na r\u00f3wnych<\/strong>bez objazd\u00f3w<\/p>\n<p>- <strong>Czysta dokumentacja<\/strong> i jasne informacje o produkcie<\/p>\n<p>- <strong>Planowane procesy dostawy<\/strong> dzi\u0119ki w\u0142asnej magazynu w Hamburgu<\/p>\n<p>- <strong>D\u0142ugoterminowe relacje partnerskie<\/strong> zamiast kr\u00f3tkoterminowych sprzeda\u017cy<\/p>\n<p>Skupiamy si\u0119 na tym, aby u\u0142atwi\u0107 prac\u0119 \u2013 profesjonalnie, organizacyjnie i technicznie.<\/p>\n<\/div><\/div>\n<\/div>\n<\/div>\n<\/div>\n\n<div class=\"et_pb_section_3 et_pb_section et_section_regular et_flex_section\">\n<div class=\"et_pb_row_3 et_pb_row et_flex_row\">\n<div class=\"et_pb_column_5 et_pb_column et_block_column et_pb_css_mix_blend_mode_passthrough et_flex_column_12_24 et_flex_column_12_24_tablet et_flex_column_24_24_phone\">\n<div class=\"et_pb_text_2 et_pb_text et_pb_bg_layout_light et_pb_module et_flex_module\"><div class=\"et_pb_text_inner\"><h2><span>Czego si\u0119 spodziewa\u0107<\/span><\/h2>\n<ul>\n<li><span>Kontakt osobisty zamiast anonimowych struktur wsparcia<\/span><\/li>\n<li><span>Niezawodne dostawy i wyra\u017anych ustale\u0144<\/span><\/li>\n<li>Pomoc w wyborze, planowania i integracji produkt\u00f3w<\/li>\n<li><span>Dost\u0119pno\u015b\u0107 od poniedzia\u0142ku do pi\u0105tku <strong>8\u201318 Uhr<\/strong><\/span><\/li>\n<\/ul>\n<p>Pracujemy dla firm, kt\u00f3re ceni\u0105 sobie jako\u015b\u0107, bezpiecze\u0144stwo i bezpiecznego partnera technologicznego.<\/p>\n<\/div><\/div>\n<\/div>\n\n<div class=\"et_pb_column_6 et_pb_column et-last-child et_block_column et_pb_css_mix_blend_mode_passthrough et_flex_column_12_24 et_flex_column_12_24_tablet et_flex_column_24_24_phone\">\n<div class=\"et_pb_image_2 et_pb_image et_pb_module et_flex_module\"><span class=\"et_pb_image_wrap\"><img loading=\"lazy\" decoding=\"async\" src=\"https:\/\/ventsystems.de\/wp-content\/uploads\/2025\/11\/Rauchabzug-mit-Dreiecksdachfluegel-und-Spindelantrieben.jpg\" title=\"Komin z tr\u00f3jk\u0105tnym skrzyd\u0142em na dachu i nap\u0119dem wrzeciona\" width=\"640\" height=\"640\" srcset=\"https:\/\/ventsystems.de\/wp-content\/uploads\/2025\/11\/Rauchabzug-mit-Dreiecksdachfluegel-und-Spindelantrieben.jpg 640w, https:\/\/ventsystems.de\/wp-content\/uploads\/2025\/11\/Rauchabzug-mit-Dreiecksdachfluegel-und-Spindelantrieben-480x480.jpg 480w\" sizes=\"(min-width: 0px) and (max-width: 480px) 480px, (min-width: 481px) 640px, 100vw\" class=\"wp-image-10827\" alt=\"\"><\/span><\/div>\n<\/div>\n<\/div>\n<\/div>\n\n<div class=\"et_pb_section_4 et_pb_section et_section_regular et_flex_section\">\n<div class=\"et_pb_row_4 et_pb_row et_flex_row\">\n<div class=\"et_pb_column_7 et_pb_column et_block_column et_pb_css_mix_blend_mode_passthrough et_flex_column_12_24 et_flex_column_12_24_tablet et_flex_column_24_24_phone\">\n<div class=\"et_pb_image_3 et_pb_image et_pb_module et_flex_module\"><span class=\"et_pb_image_wrap\"><img loading=\"lazy\" decoding=\"async\" src=\"https:\/\/ventsystems.de\/wp-content\/uploads\/2025\/11\/Dach-Schwingfenster-mit-Kettenantrieben.jpg\" title=\"Uchylne, okno na dachu, z nap\u0119dem \u0142a\u0144cuchowym\" width=\"1440\" height=\"1080\" srcset=\"https:\/\/ventsystems.de\/wp-content\/uploads\/2025\/11\/Dach-Schwingfenster-mit-Kettenantrieben.jpg 1440w, https:\/\/ventsystems.de\/wp-content\/uploads\/2025\/11\/Dach-Schwingfenster-mit-Kettenantrieben-1280x960.jpg 1280w, https:\/\/ventsystems.de\/wp-content\/uploads\/2025\/11\/Dach-Schwingfenster-mit-Kettenantrieben-980x735.jpg 980w, https:\/\/ventsystems.de\/wp-content\/uploads\/2025\/11\/Dach-Schwingfenster-mit-Kettenantrieben-480x360.jpg 480w\" sizes=\"(min-width: 0px) and (max-width: 480px) 480px, (min-width: 481px) and (max-width: 980px) 980px, (min-width: 981px) and (max-width: 1280px) 1280px, (min-width: 1281px) 1440px, 100vw\" class=\"wp-image-10818\" alt=\"\"><\/span><\/div>\n<\/div>\n\n<div class=\"et_pb_column_8 et_pb_column et-last-child et_block_column et_pb_css_mix_blend_mode_passthrough et_flex_column_12_24 et_flex_column_12_24_tablet et_flex_column_24_24_phone\">\n<div class=\"et_pb_text_3 et_pb_text et_pb_bg_layout_light et_pb_module et_flex_module\"><div class=\"et_pb_text_inner\"><h2><span>Nasze produkty<\/span><\/h2>\n<p>Unsere Antriebe und Systeme sind darauf ausgelegt, Handwerksbetrieben und Bauunternehmen die t\u00e4gliche Arbeit zu erleichtern. Sie zeichnen sich aus durch: - CE\u2011zertifizierte Fertigung<\/p>\n<ul>\n<li>D\u0142uga \u017cywotno\u015b\u0107 (umys\u0142. 10 000 podw\u00f3jnych ruch\u00f3w przy maksymalnym obci\u0105\u017ceniu na model)<\/li>\n<li>R\u00f3\u017cnorodno\u015b\u0107 opcji do niemal ka\u017cdej sytuacji zabudowy<\/li>\n<li>Natychmiast dost\u0119pne zapasy z Hamburga<\/li>\n<\/ul>\n<p>Mo\u017cna znale\u017a\u0107 pe\u0142ny przegl\u0105d wszystkich modeli bezpo\u015brednio w naszym sklepie:<\/p>\n<p><span><a href=\"\/pl\/shop-mit-filter\/\"><strong>Przejd\u017a do sklepu<\/strong><\/a><\/span><\/p>\n<\/div><\/div>\n<\/div>\n<\/div>\n<\/div>\n\n<div class=\"et_pb_section_5 et_pb_section et_section_regular et_flex_section\">\n<div class=\"et_pb_row_5 et_pb_row et_flex_row\">\n<div class=\"et_pb_column_9 et_pb_column et-last-child et_flex_column et_pb_css_mix_blend_mode_passthrough et_flex_column_24_24 et_flex_column_24_24_tablet et_flex_column_24_24_phone\">\n<div class=\"et_pb_cta_0 et_pb_promo et_pb_bg_layout_dark et_pb_module et_flex_module\"><div class=\"et_pb_promo_description\"><h2 class=\"et_pb_module_header\">Z powodzeniem realizowa\u0107 wsp\u00f3lne projekty<\/h2><div class=\"et_pb_promo_content\"><p>Potrzebujesz pomocy w wyborze odpowiedniego nap\u0119du lub chcesz om\u00f3wi\u0107 konkretny projekt?<\/p>\n<p><strong>B\u0119dziemy szcz\u0119\u015bliwi, aby doradzi\u0107 osobi\u015bcie.<\/strong><\/p>\n<\/div><\/div><\/div>\n<\/div>\n<\/div>\n<\/div>","protected":false},"excerpt":{"rendered":"","protected":false},"author":1,"featured_media":0,"parent":0,"menu_order":200,"comment_status":"closed","ping_status":"closed","template":"","meta":{"_acf_changed":false,"footnotes":""},"folder":[25],"class_list":["post-1351","page","type-page","status-publish","hentry"],"acf":[],"_links":{"self":[{"href":"https:\/\/ventsystems.de\/pl\/wp-json\/wp\/v2\/pages\/1351","targetHints":{"allow":["GET"]}}],"collection":[{"href":"https:\/\/ventsystems.de\/pl\/wp-json\/wp\/v2\/pages"}],"about":[{"href":"https:\/\/ventsystems.de\/pl\/wp-json\/wp\/v2\/types\/page"}],"author":[{"embeddable":true,"href":"https:\/\/ventsystems.de\/pl\/wp-json\/wp\/v2\/users\/1"}],"replies":[{"embeddable":true,"href":"https:\/\/ventsystems.de\/pl\/wp-json\/wp\/v2\/comments?post=1351"}],"version-history":[{"count":17,"href":"https:\/\/ventsystems.de\/pl\/wp-json\/wp\/v2\/pages\/1351\/revisions"}],"predecessor-version":[{"id":14941,"href":"https:\/\/ventsystems.de\/pl\/wp-json\/wp\/v2\/pages\/1351\/revisions\/14941"}],"wp:attachment":[{"href":"https:\/\/ventsystems.de\/pl\/wp-json\/wp\/v2\/media?parent=1351"}],"wp:term":[{"taxonomy":"folder","embeddable":true,"href":"https:\/\/ventsystems.de\/pl\/wp-json\/wp\/v2\/folder?post=1351"}],"curies":[{"name":"wp","href":"https:\/\/api.w.org\/{rel}","templated":true}]}}