{"id":2061,"date":"2025-09-15T07:04:33","date_gmt":"2025-09-15T07:04:33","guid":{"rendered":"https:\/\/ventsystems.de\/?page_id=2061"},"modified":"2026-03-12T18:46:39","modified_gmt":"2026-03-12T17:46:39","slug":"ratgeber","status":"publish","type":"page","link":"https:\/\/ventsystems.de\/pl\/ratgeber\/","title":{"rendered":"Doradca"},"content":{"rendered":"<div class=\"et_pb_section_0 et_pb_section et_section_regular et_block_section\">\n<div class=\"et_pb_row_0 et_pb_row et_block_row\">\n<div class=\"et_pb_column_0 et_pb_column et_pb_column_4_4 et-last-child et_block_column et_pb_css_mix_blend_mode_passthrough\">\n<div class=\"et_pb_heading_0 et_pb_heading et_pb_module et_flex_module\"><div class=\"et_pb_heading_container\"><h1 class=\"et_pb_module_header\">Doradca<\/h1><\/div><\/div>\n\n<div class=\"et_pb_text_0 et_pb_text et_pb_bg_layout_light et_pb_module et_block_module\"><div class=\"et_pb_text_inner\"><p>Hier finden Sie wertvolle Tipps rund um Fensterantriebe und Geb\u00e4udeautomatisierung<\/p>\n<p><!-- wp:divi\/placeholder \/--><\/p>\n<\/div><\/div>\n<\/div>\n<\/div>\n<\/div>\n\n<div class=\"et_pb_section_1 et_pb_section et_section_regular et_flex_section\">\n<div class=\"et_pb_row_1 et_pb_row et_flex_row\">\n<div class=\"et_pb_column_1 et_pb_column et-last-child et_flex_column et_pb_css_mix_blend_mode_passthrough et_flex_column_24_24 et_flex_column_24_24_tablet et_flex_column_24_24_phone\">\n<div class=\"et_pb_blog_0 et_pb_blog et_pb_bg_layout_light et_pb_posts et_pb_module\"><div class=\"et_pb_ajax_pagination_container\"><div class=\"et_pb_posts et_flex_module\"><article class=\"et_pb_post et_pb_post_id_15106 clearfix et_pb_blog_item_0_0 post-15106 post type-post status-publish format-standard has-post-thumbnail hentry category-uncategorized\"><a href=\"https:\/\/ventsystems.de\/pl\/10-qualitaetskriterien-fuer-fensterantriebe\/\" class=\"entry-featured-image-url\"><img loading=\"lazy\" decoding=\"async\" src=\"https:\/\/ventsystems.de\/wp-content\/uploads\/2026\/03\/SBD-Kettenantrieb-scaled.png\" width=\"1079\" height=\"675\" alt=\"Fensterantrieb mit Kabel f\u00fcr pr\u00e4zise Steuerung und Qualit\u00e4tssicherung.\" class=\"et_pb_post_main_image\" \/><span data-icon=\"\ue050\" class=\"et_overlay et_pb_inline_icon\"><\/span><\/a><h2 class=\"entry-title\"><a href=\"https:\/\/ventsystems.de\/pl\/10-qualitaetskriterien-fuer-fensterantriebe\/\">Qualit\u00e4tskriterien f\u00fcr Fensterantriebe<\/a><\/h2><p class=\"post-meta\"><span class=\"published\">14. mar 2026<\/span><\/p><div class=\"post-content\"><div class=\"post-content-inner\"><p>Konzepte 2026 Im laufenden Jahr stehen viele Bau- und Modernisierungsvorhaben weiterhin unter dem Druck, technische Qualit\u00e4t, Terminzuverl\u00e4ssigkeit&#8230;<\/p>\n<\/div><a href=\"https:\/\/ventsystems.de\/pl\/10-qualitaetskriterien-fuer-fensterantriebe\/\" class=\"more-link\">czytaj wi\u0119cej&#8230;<\/a><\/div><\/article><article class=\"et_pb_post et_pb_post_id_15102 clearfix et_pb_blog_item_0_1 post-15102 post type-post status-publish format-standard has-post-thumbnail hentry category-uncategorized\"><a href=\"https:\/\/ventsystems.de\/pl\/die-einbausituation-als-technisches-fundament\/\" class=\"entry-featured-image-url\"><img loading=\"lazy\" decoding=\"async\" src=\"https:\/\/ventsystems.de\/wp-content\/uploads\/2026\/03\/Parallelaustellfenster.jpg\" width=\"1079\" height=\"675\" alt=\"Hochwertige Fenster und Fassadentechnik f\u00fcr moderne Geb\u00e4udefassaden.\" class=\"et_pb_post_main_image\" \/><span data-icon=\"\ue050\" class=\"et_overlay et_pb_inline_icon\"><\/span><\/a><h2 class=\"entry-title\"><a href=\"https:\/\/ventsystems.de\/pl\/die-einbausituation-als-technisches-fundament\/\">Die Einbausituation als technisches Fundament<\/a><\/h2><p class=\"post-meta\"><span class=\"published\">14. mar 2026<\/span><\/p><div class=\"post-content\"><div class=\"post-content-inner\"><p>Konzepte 2026 Im Jahr 2026 stehen in vielen Projekten Modernisierung, Effizienz und saubere technische Integration noch st\u00e4rker im Fokus als zuvor&#8230;.<\/p>\n<\/div><a href=\"https:\/\/ventsystems.de\/pl\/die-einbausituation-als-technisches-fundament\/\" class=\"more-link\">czytaj wi\u0119cej&#8230;<\/a><\/div><\/article><article class=\"et_pb_post et_pb_post_id_15095 clearfix et_pb_blog_item_0_2 post-15095 post type-post status-publish format-standard has-post-thumbnail hentry category-uncategorized\"><a href=\"https:\/\/ventsystems.de\/pl\/wann-elektrische-fensterantriebe-sinnvoll-sind\/\" class=\"entry-featured-image-url\"><img loading=\"lazy\" decoding=\"async\" src=\"https:\/\/ventsystems.de\/wp-content\/uploads\/2025\/11\/Automatische-Fassade-mit-Spindelantrieben.jpg\" width=\"1080\" height=\"650\" alt=\"Eine Reihe von gro\u00dfen, schwarz gerahmten, nach au\u00dfen zu \u00f6ffnenden Fenstern mit mechanischen Armst\u00fctzen ist entlang einer Wand im industriellen Stil installiert.\" class=\"et_pb_post_main_image\" \/><span data-icon=\"\ue050\" class=\"et_overlay et_pb_inline_icon\"><\/span><\/a><h2 class=\"entry-title\"><a href=\"https:\/\/ventsystems.de\/pl\/wann-elektrische-fensterantriebe-sinnvoll-sind\/\">Wann elektrische Fensterantriebe sinnvoll sind<\/a><\/h2><p class=\"post-meta\"><span class=\"published\">14. mar 2026<\/span><\/p><div class=\"post-content\"><div class=\"post-content-inner\"><p>Konzepte 2026 Im laufenden Jahr r\u00fccken in vielen Projekten vor allem Modernisierung, Energieeffizienz und betriebssichere L\u00fcftungskonzepte st\u00e4rker&#8230;<\/p>\n<\/div><a href=\"https:\/\/ventsystems.de\/pl\/wann-elektrische-fensterantriebe-sinnvoll-sind\/\" class=\"more-link\">czytaj wi\u0119cej&#8230;<\/a><\/div><\/article><article class=\"et_pb_post et_pb_post_id_15084 clearfix et_pb_blog_item_0_3 post-15084 post type-post status-publish format-standard has-post-thumbnail hentry category-uncategorized\"><a href=\"https:\/\/ventsystems.de\/pl\/automatisierte-lichtkuppeln-im-gewerblichen-objektbau\/\" class=\"entry-featured-image-url\"><img loading=\"lazy\" decoding=\"async\" src=\"https:\/\/ventsystems.de\/wp-content\/uploads\/2026\/03\/Lichkuppel.jpeg\" width=\"900\" height=\"636\" alt=\"Dachventilationssystem mit Rauchabzug, effiziente L\u00fcftungsl\u00f6sung.\" class=\"et_pb_post_main_image\" \/><span data-icon=\"\ue050\" class=\"et_overlay et_pb_inline_icon\"><\/span><\/a><h2 class=\"entry-title\"><a href=\"https:\/\/ventsystems.de\/pl\/automatisierte-lichtkuppeln-im-gewerblichen-objektbau\/\">Automatisierte Lichtkuppeln im gewerblichen Objektbau<\/a><\/h2><p class=\"post-meta\"><span class=\"published\">13. mar 2026<\/span><\/p><div class=\"post-content\"><div class=\"post-content-inner\"><p>Konzepte 2026 Gerade im Jahr 2026 r\u00fccken in vielen Projekten die Themen Energieeffizienz, Bestandsmodernisierung und betriebssichere L\u00fcftung wieder&#8230;<\/p>\n<\/div><a href=\"https:\/\/ventsystems.de\/pl\/automatisierte-lichtkuppeln-im-gewerblichen-objektbau\/\" class=\"more-link\">czytaj wi\u0119cej&#8230;<\/a><\/div><\/article><article class=\"et_pb_post et_pb_post_id_15077 clearfix et_pb_blog_item_0_4 post-15077 post type-post status-publish format-standard has-post-thumbnail hentry category-uncategorized\"><a href=\"https:\/\/ventsystems.de\/pl\/06-technische-vorpruefung-bei-fensterantrieben\/\" class=\"entry-featured-image-url\"><img loading=\"lazy\" decoding=\"async\" src=\"https:\/\/ventsystems.de\/wp-content\/uploads\/2026\/03\/Foto_von_der_Referenzenseite_compressed.jpeg\" width=\"1080\" height=\"675\" alt=\"Wartebereich im Flughafen mit Holzsitzen und gro\u00dfen Fenstern, helle Atmosph\u00e4re.\" class=\"et_pb_post_main_image\" \/><span data-icon=\"\ue050\" class=\"et_overlay et_pb_inline_icon\"><\/span><\/a><h2 class=\"entry-title\"><a href=\"https:\/\/ventsystems.de\/pl\/06-technische-vorpruefung-bei-fensterantrieben\/\">Technische Vorpr\u00fcfung bei Fensterantrieben<\/a><\/h2><p class=\"post-meta\"><span class=\"published\">13. mar 2026<\/span><\/p><div class=\"post-content\"><div class=\"post-content-inner\"><p>Konzepte 2026 Im Jahr 2026 stehen viele Projekte weiterhin unter dem Druck, technische Systeme zugleich effizient, sicher und sauber vernetzbar zu&#8230;<\/p>\n<\/div><a href=\"https:\/\/ventsystems.de\/pl\/06-technische-vorpruefung-bei-fensterantrieben\/\" class=\"more-link\">czytaj wi\u0119cej&#8230;<\/a><\/div><\/article><article class=\"et_pb_post et_pb_post_id_15080 clearfix et_pb_blog_item_0_5 post-15080 post type-post status-publish format-standard has-post-thumbnail hentry category-uncategorized\"><a href=\"https:\/\/ventsystems.de\/pl\/rwa-und-taegliche-lueftung\/\" class=\"entry-featured-image-url\"><img loading=\"lazy\" decoding=\"async\" src=\"https:\/\/ventsystems.de\/wp-content\/uploads\/2026\/03\/Foto_von_der_Referenzenseite_compressed.jpeg\" width=\"1080\" height=\"675\" alt=\"Wartebereich im Flughafen mit Holzsitzen und gro\u00dfen Fenstern, helle Atmosph\u00e4re.\" class=\"et_pb_post_main_image\" \/><span data-icon=\"\ue050\" class=\"et_overlay et_pb_inline_icon\"><\/span><\/a><h2 class=\"entry-title\"><a href=\"https:\/\/ventsystems.de\/pl\/rwa-und-taegliche-lueftung\/\">RWA und t\u00e4gliche L\u00fcftung<\/a><\/h2><p class=\"post-meta\"><span class=\"published\">13. mar 2026<\/span><\/p><div class=\"post-content\"><div class=\"post-content-inner\"><p>Konzepte 2026 Im laufenden Jahr stehen bei vielen Geb\u00e4uden Modernisierung, Energieeffizienz und technische Nachr\u00fcstung gleichzeitig im Fokus. Gerade&#8230;<\/p>\n<\/div><a href=\"https:\/\/ventsystems.de\/pl\/rwa-und-taegliche-lueftung\/\" class=\"more-link\">czytaj wi\u0119cej&#8230;<\/a><\/div><\/article><article class=\"et_pb_post et_pb_post_id_15071 clearfix et_pb_blog_item_0_6 post-15071 post type-post status-publish format-standard has-post-thumbnail hentry category-uncategorized\"><a href=\"https:\/\/ventsystems.de\/pl\/technische-auslegung-von-fensterantrieben\/\" class=\"entry-featured-image-url\"><img loading=\"lazy\" decoding=\"async\" src=\"https:\/\/ventsystems.de\/wp-content\/uploads\/2026\/03\/Foto_von_der_Referenzenseite_compressed.jpeg\" width=\"1080\" height=\"675\" alt=\"Wartebereich im Flughafen mit Holzsitzen und gro\u00dfen Fenstern, helle Atmosph\u00e4re.\" class=\"et_pb_post_main_image\" \/><span data-icon=\"\ue050\" class=\"et_overlay et_pb_inline_icon\"><\/span><\/a><h2 class=\"entry-title\"><a href=\"https:\/\/ventsystems.de\/pl\/technische-auslegung-von-fensterantrieben\/\">Technische Auslegung von Fensterantrieben<\/a><\/h2><p class=\"post-meta\"><span class=\"published\">13. mar 2026<\/span><\/p><div class=\"post-content\"><div class=\"post-content-inner\"><p>Konzepte 2026 Im Jahr 2026 stehen bei vielen Neubau-, Sanierungs- und Modernisierungsprojekten robuste, planbare L\u00fcftungs- und Sicherheitskonzepte&#8230;<\/p>\n<\/div><a href=\"https:\/\/ventsystems.de\/pl\/technische-auslegung-von-fensterantrieben\/\" class=\"more-link\">czytaj wi\u0119cej&#8230;<\/a><\/div><\/article><article class=\"et_pb_post et_pb_post_id_15067 clearfix et_pb_blog_item_0_7 post-15067 post type-post status-publish format-standard has-post-thumbnail hentry category-uncategorized\"><a href=\"https:\/\/ventsystems.de\/pl\/zahnstangenantriebe-in-der-gebaeudeautomation\/\" class=\"entry-featured-image-url\"><img loading=\"lazy\" decoding=\"async\" src=\"https:\/\/ventsystems.de\/wp-content\/uploads\/2026\/03\/Foto_von_der_Referenzenseite_compressed.jpeg\" width=\"1080\" height=\"675\" alt=\"Wartebereich im Flughafen mit Holzsitzen und gro\u00dfen Fenstern, helle Atmosph\u00e4re.\" class=\"et_pb_post_main_image\" \/><span data-icon=\"\ue050\" class=\"et_overlay et_pb_inline_icon\"><\/span><\/a><h2 class=\"entry-title\"><a href=\"https:\/\/ventsystems.de\/pl\/zahnstangenantriebe-in-der-gebaeudeautomation\/\">Zahnstangenantriebe in der Geb\u00e4udeautomation<\/a><\/h2><p class=\"post-meta\"><span class=\"published\">13. mar 2026<\/span><\/p><div class=\"post-content\"><div class=\"post-content-inner\"><p>Maximale Stabilit\u00e4t und Leistungsf\u00e4higkeit f\u00fcr industrielle und anspruchsvolle Fassadenprojekte Wenn gro\u00dfformatige Fassadenfenster, schwere&#8230;<\/p>\n<\/div><a href=\"https:\/\/ventsystems.de\/pl\/zahnstangenantriebe-in-der-gebaeudeautomation\/\" class=\"more-link\">czytaj wi\u0119cej&#8230;<\/a><\/div><\/article><article class=\"et_pb_post et_pb_post_id_15051 clearfix et_pb_blog_item_0_8 post-15051 post type-post status-publish format-standard has-post-thumbnail hentry category-uncategorized\"><a href=\"https:\/\/ventsystems.de\/pl\/automatisierte-dachlueftung-im-objektbau\/\" class=\"entry-featured-image-url\"><img loading=\"lazy\" decoding=\"async\" src=\"https:\/\/ventsystems.de\/wp-content\/uploads\/2026\/03\/Foto_von_der_Referenzenseite_compressed.jpeg\" width=\"1080\" height=\"675\" alt=\"Wartebereich im Flughafen mit Holzsitzen und gro\u00dfen Fenstern, helle Atmosph\u00e4re.\" class=\"et_pb_post_main_image\" \/><span data-icon=\"\ue050\" class=\"et_overlay et_pb_inline_icon\"><\/span><\/a><h2 class=\"entry-title\"><a href=\"https:\/\/ventsystems.de\/pl\/automatisierte-dachlueftung-im-objektbau\/\">Automatisierte Dachl\u00fcftung im Objektbau<\/a><\/h2><p class=\"post-meta\"><span class=\"published\">12. mar 2026<\/span><\/p><div class=\"post-content\"><div class=\"post-content-inner\"><p>Im Dachbereich gelten andere Randbedingungen als an der Fassade. Schwere Fl\u00fcgel, gro\u00dfe \u00d6ffnungsweiten, geneigte Einbaulagen und Anforderungen an einen sicheren Dichtschluss machen die Auswahl des passenden Antriebs zu einer projektspezifischen Aufgabe. Gerade bei Lichtkuppeln, Lichtb\u00e4ndern und massiven Dachfenstern ist der Linearantrieb deshalb in vielen Anwendungen die technisch saubere L\u00f6sung.<\/p>\n<\/div><a href=\"https:\/\/ventsystems.de\/pl\/automatisierte-dachlueftung-im-objektbau\/\" class=\"more-link\">czytaj wi\u0119cej&#8230;<\/a><\/div><\/article><\/div><div class=\"pagination clearfix\">\n\t<div class=\"alignleft\"><a href=\"https:\/\/ventsystems.de\/pl\/wp-json\/wp\/v2\/pages\/2061\/page\/2\/?et_blog\">&laquo; Starsze Wpisy<\/a><\/div>\n\t<div class=\"alignright\"><\/div>\n<\/div><\/div><\/div>\n<\/div>\n<\/div>\n<\/div>","protected":false},"excerpt":{"rendered":"","protected":false},"author":1,"featured_media":0,"parent":0,"menu_order":205,"comment_status":"closed","ping_status":"closed","template":"","meta":{"_acf_changed":false,"footnotes":""},"folder":[1206,25],"class_list":["post-2061","page","type-page","status-publish","hentry"],"acf":[],"_links":{"self":[{"href":"https:\/\/ventsystems.de\/pl\/wp-json\/wp\/v2\/pages\/2061","targetHints":{"allow":["GET"]}}],"collection":[{"href":"https:\/\/ventsystems.de\/pl\/wp-json\/wp\/v2\/pages"}],"about":[{"href":"https:\/\/ventsystems.de\/pl\/wp-json\/wp\/v2\/types\/page"}],"author":[{"embeddable":true,"href":"https:\/\/ventsystems.de\/pl\/wp-json\/wp\/v2\/users\/1"}],"replies":[{"embeddable":true,"href":"https:\/\/ventsystems.de\/pl\/wp-json\/wp\/v2\/comments?post=2061"}],"version-history":[{"count":12,"href":"https:\/\/ventsystems.de\/pl\/wp-json\/wp\/v2\/pages\/2061\/revisions"}],"predecessor-version":[{"id":15036,"href":"https:\/\/ventsystems.de\/pl\/wp-json\/wp\/v2\/pages\/2061\/revisions\/15036"}],"wp:attachment":[{"href":"https:\/\/ventsystems.de\/pl\/wp-json\/wp\/v2\/media?parent=2061"}],"wp:term":[{"taxonomy":"folder","embeddable":true,"href":"https:\/\/ventsystems.de\/pl\/wp-json\/wp\/v2\/folder?post=2061"}],"curies":[{"name":"wp","href":"https:\/\/api.w.org\/{rel}","templated":true}]}}