{"id":14303,"date":"2025-12-12T09:47:43","date_gmt":"2025-12-12T08:47:43","guid":{"rendered":"https:\/\/ventsystems.de\/produkt\/vs-sb-400\/"},"modified":"2026-04-20T10:08:19","modified_gmt":"2026-04-20T09:08:19","slug":"vs-sb-400","status":"publish","type":"product","link":"https:\/\/ventsystems.de\/pl\/produkt\/vs-sb-400\/","title":{"rendered":"VS-SB 400"},"content":{"rendered":"<p>Kompakter 24V 400-N-Kettenantrieb mit Seitenbogenkette, um gr\u00f6\u00dfere \u00d6ffnungswinkel zu erreichen.<\/p>","protected":false},"excerpt":{"rendered":"<p>Kompakter 400-N-Kettenantrieb mit Seitenbogenkette, um gr\u00f6\u00dfere \u00d6ffnungswinkel zu erreichen.<\/p>","protected":false},"featured_media":9810,"template":"","meta":{"_acf_changed":false},"product_brand":[],"product_cat":[1134,1123],"product_tag":[],"class_list":{"0":"post-14303","1":"product","2":"type-product","3":"status-publish","4":"has-post-thumbnail","6":"product_cat-kettenantriebe","7":"product_cat-sonderantriebe","8":"pa_hublaenge-64","9":"pa_hublaenge-57","10":"pa_hublaenge-59","11":"pa_hublaenge-62","12":"pa_hublaenge-87","13":"pa_hublaenge-68","14":"pa_hublaenge-63","15":"pa_hublaenge-88","16":"pa_hublaenge-69","18":"first","19":"onbackorder","20":"sale","21":"taxable","22":"shipping-taxable","23":"purchasable","24":"product-type-variable"},"acf":[],"_links":{"self":[{"href":"https:\/\/ventsystems.de\/pl\/wp-json\/wp\/v2\/product\/14303","targetHints":{"allow":["GET"]}}],"collection":[{"href":"https:\/\/ventsystems.de\/pl\/wp-json\/wp\/v2\/product"}],"about":[{"href":"https:\/\/ventsystems.de\/pl\/wp-json\/wp\/v2\/types\/product"}],"wp:featuredmedia":[{"embeddable":true,"href":"https:\/\/ventsystems.de\/pl\/wp-json\/wp\/v2\/media\/9810"}],"wp:attachment":[{"href":"https:\/\/ventsystems.de\/pl\/wp-json\/wp\/v2\/media?parent=14303"}],"wp:term":[{"taxonomy":"product_brand","embeddable":true,"href":"https:\/\/ventsystems.de\/pl\/wp-json\/wp\/v2\/product_brand?post=14303"},{"taxonomy":"product_cat","embeddable":true,"href":"https:\/\/ventsystems.de\/pl\/wp-json\/wp\/v2\/product_cat?post=14303"},{"taxonomy":"product_tag","embeddable":true,"href":"https:\/\/ventsystems.de\/pl\/wp-json\/wp\/v2\/product_tag?post=14303"}],"curies":[{"name":"wp","href":"https:\/\/api.w.org\/{rel}","templated":true}]}}