{"id":14304,"date":"2025-12-12T09:47:43","date_gmt":"2025-12-12T08:47:43","guid":{"rendered":"https:\/\/ventsystems.de\/produkt\/vs-ls7\/"},"modified":"2026-04-20T10:40:22","modified_gmt":"2026-04-20T09:40:22","slug":"vs-ls7","status":"publish","type":"product","link":"https:\/\/ventsystems.de\/pl\/produkt\/vs-ls7\/","title":{"rendered":"VS-C24-7A"},"content":{"rendered":"<p>7A L\u00fcftungssteuerung f\u00fcr 24V Antriebe<\/p>","protected":false},"excerpt":{"rendered":"<p>24V \/ 7A Steuerung f\u00fcr Fensterantriebe, Jalousien, Rolll\u00e4den, Garagentor\u00f6ffner<\/p>","protected":false},"featured_media":14693,"template":"","meta":{"_acf_changed":false},"product_brand":[],"product_cat":[1124],"product_tag":[1125],"class_list":{"0":"post-14304","1":"product","2":"type-product","3":"status-publish","4":"has-post-thumbnail","6":"product_cat-steuerungen","7":"product_tag-lueftungssteuerung-24-v","9":"first","10":"instock","11":"taxable","12":"shipping-taxable","13":"product-type-simple"},"acf":[],"_links":{"self":[{"href":"https:\/\/ventsystems.de\/pl\/wp-json\/wp\/v2\/product\/14304","targetHints":{"allow":["GET"]}}],"collection":[{"href":"https:\/\/ventsystems.de\/pl\/wp-json\/wp\/v2\/product"}],"about":[{"href":"https:\/\/ventsystems.de\/pl\/wp-json\/wp\/v2\/types\/product"}],"wp:featuredmedia":[{"embeddable":true,"href":"https:\/\/ventsystems.de\/pl\/wp-json\/wp\/v2\/media\/14693"}],"wp:attachment":[{"href":"https:\/\/ventsystems.de\/pl\/wp-json\/wp\/v2\/media?parent=14304"}],"wp:term":[{"taxonomy":"product_brand","embeddable":true,"href":"https:\/\/ventsystems.de\/pl\/wp-json\/wp\/v2\/product_brand?post=14304"},{"taxonomy":"product_cat","embeddable":true,"href":"https:\/\/ventsystems.de\/pl\/wp-json\/wp\/v2\/product_cat?post=14304"},{"taxonomy":"product_tag","embeddable":true,"href":"https:\/\/ventsystems.de\/pl\/wp-json\/wp\/v2\/product_tag?post=14304"}],"curies":[{"name":"wp","href":"https:\/\/api.w.org\/{rel}","templated":true}]}}