{"id":14307,"date":"2025-12-12T09:47:43","date_gmt":"2025-12-12T08:47:43","guid":{"rendered":"https:\/\/ventsystems.de\/produkt\/vs-ws\/"},"modified":"2026-04-30T08:11:48","modified_gmt":"2026-04-30T07:11:48","slug":"vs-ws","status":"publish","type":"product","link":"https:\/\/ventsystems.de\/pl\/produkt\/vs-ws\/","title":{"rendered":"VS-WRLS Wind-Regen-Lichtsensor"},"content":{"rendered":"<p>Der Wind-, Sonnen- und Regensensor eignet sich f\u00fcr elektrische Sonnenschutzrollos, elektrische Fensterantriebe, motorisierte Rollos und Markisen. Er arbeitet mit Motor und\u00a0 \u00a0 \u00a0 \u00a0 \u00a0 \u00a0 VS- C24-7A L\u00fcftungssteuerung zusammen. Windst\u00e4rke und Lichtintensit\u00e4t werden automatisch erfasst und gesteuert. Beispielsweise \u00f6ffnet sich die Markise automatisch, sobald die Sonneneinstrahlung die eingestellte Intensit\u00e4t erreicht. Bei Erreichen eines bestimmten Windst\u00e4rkenwerts f\u00e4hrt die Markise ein und sch\u00fctzt sie so vor Windb\u00f6en.<\/p>","protected":false},"excerpt":{"rendered":"<p>Wind-Regen-Lichtsensor<\/p>","protected":false},"featured_media":14716,"template":"","meta":{"_acf_changed":false},"product_brand":[],"product_cat":[1126],"product_tag":[1129],"class_list":{"0":"post-14307","1":"product","2":"type-product","3":"status-publish","4":"has-post-thumbnail","6":"product_cat-zubehoer","7":"product_tag-windsensor","9":"first","10":"instock","11":"sale","12":"taxable","13":"shipping-taxable","14":"purchasable","15":"product-type-simple"},"acf":[],"_links":{"self":[{"href":"https:\/\/ventsystems.de\/pl\/wp-json\/wp\/v2\/product\/14307","targetHints":{"allow":["GET"]}}],"collection":[{"href":"https:\/\/ventsystems.de\/pl\/wp-json\/wp\/v2\/product"}],"about":[{"href":"https:\/\/ventsystems.de\/pl\/wp-json\/wp\/v2\/types\/product"}],"wp:featuredmedia":[{"embeddable":true,"href":"https:\/\/ventsystems.de\/pl\/wp-json\/wp\/v2\/media\/14716"}],"wp:attachment":[{"href":"https:\/\/ventsystems.de\/pl\/wp-json\/wp\/v2\/media?parent=14307"}],"wp:term":[{"taxonomy":"product_brand","embeddable":true,"href":"https:\/\/ventsystems.de\/pl\/wp-json\/wp\/v2\/product_brand?post=14307"},{"taxonomy":"product_cat","embeddable":true,"href":"https:\/\/ventsystems.de\/pl\/wp-json\/wp\/v2\/product_cat?post=14307"},{"taxonomy":"product_tag","embeddable":true,"href":"https:\/\/ventsystems.de\/pl\/wp-json\/wp\/v2\/product_tag?post=14307"}],"curies":[{"name":"wp","href":"https:\/\/api.w.org\/{rel}","templated":true}]}}