{"id":14312,"date":"2025-12-12T09:47:43","date_gmt":"2025-12-12T08:47:43","guid":{"rendered":"https:\/\/ventsystems.de\/produkt\/vs-sb-400-i\/"},"modified":"2026-04-20T10:35:22","modified_gmt":"2026-04-20T09:35:22","slug":"vs-sb-400-i","status":"publish","type":"product","link":"https:\/\/ventsystems.de\/pl\/produkt\/vs-sb-400-i\/","title":{"rendered":"VS-SB 400-i"},"content":{"rendered":"<p>Smarter 400-N-Kettenantrieb mit Seitenbogenkette, um gr\u00f6\u00dfere \u00d6ffnungswinkel zu erreichen.<\/p>","protected":false},"excerpt":{"rendered":"<p>Smarter 400-N-Kettenantrieb mit Seitenbogenkette, um gr\u00f6\u00dfere \u00d6ffnungswinkel zu erreichen.<\/p>","protected":false},"featured_media":10477,"template":"","meta":{"_acf_changed":false},"product_brand":[],"product_cat":[1134,1123],"product_tag":[1132],"class_list":{"0":"post-14312","1":"product","2":"type-product","3":"status-publish","4":"has-post-thumbnail","6":"product_cat-kettenantriebe","7":"product_cat-sonderantriebe","8":"product_tag-smartantriebe","9":"pa_hublaenge-64","10":"pa_hublaenge-57","11":"pa_hublaenge-59","12":"pa_hublaenge-62","13":"pa_hublaenge-68","14":"pa_hublaenge-63","15":"pa_hublaenge-69","17":"first","18":"onbackorder","19":"sale","20":"taxable","21":"shipping-taxable","22":"purchasable","23":"product-type-variable"},"acf":[],"_links":{"self":[{"href":"https:\/\/ventsystems.de\/pl\/wp-json\/wp\/v2\/product\/14312","targetHints":{"allow":["GET"]}}],"collection":[{"href":"https:\/\/ventsystems.de\/pl\/wp-json\/wp\/v2\/product"}],"about":[{"href":"https:\/\/ventsystems.de\/pl\/wp-json\/wp\/v2\/types\/product"}],"wp:featuredmedia":[{"embeddable":true,"href":"https:\/\/ventsystems.de\/pl\/wp-json\/wp\/v2\/media\/10477"}],"wp:attachment":[{"href":"https:\/\/ventsystems.de\/pl\/wp-json\/wp\/v2\/media?parent=14312"}],"wp:term":[{"taxonomy":"product_brand","embeddable":true,"href":"https:\/\/ventsystems.de\/pl\/wp-json\/wp\/v2\/product_brand?post=14312"},{"taxonomy":"product_cat","embeddable":true,"href":"https:\/\/ventsystems.de\/pl\/wp-json\/wp\/v2\/product_cat?post=14312"},{"taxonomy":"product_tag","embeddable":true,"href":"https:\/\/ventsystems.de\/pl\/wp-json\/wp\/v2\/product_tag?post=14312"}],"curies":[{"name":"wp","href":"https:\/\/api.w.org\/{rel}","templated":true}]}}