{"id":14314,"date":"2025-12-12T09:47:43","date_gmt":"2025-12-12T08:47:43","guid":{"rendered":"https:\/\/ventsystems.de\/produkt\/vs-dka-800\/"},"modified":"2026-04-20T10:41:43","modified_gmt":"2026-04-20T09:41:43","slug":"vs-dka-800","status":"publish","type":"product","link":"https:\/\/ventsystems.de\/pl\/produkt\/vs-dka-800\/","title":{"rendered":"VS-DKA 800"},"content":{"rendered":"<p>Der 24V Doppelkettenantrieb mit 800 N Schubkraft ist speziell f\u00fcr gro\u00dffl\u00e4chige Fenster, Oberlichter und Lichtkuppeln konzipiert. Durch zwei parallel arbeitende Ketten bietet der Antrieb hohe Stabilit\u00e4t und gleichm\u00e4\u00dfige Kraft\u00fcbertragung. Er ist wartungsarm, robust gebaut und optimal f\u00fcr nat\u00fcrliche Rauch- und W\u00e4rmeabzugsanlagen (NRWG) oder L\u00fcftungsanwendungen geeignet.<\/p>","protected":false},"excerpt":{"rendered":"<p>Leistungsstarker Doppelkettenantrieb mit 800 N Schubkraft f\u00fcr breite und schwere Fensterfl\u00fcgel.<\/p>","protected":false},"featured_media":2299,"template":"","meta":{"_acf_changed":false},"product_brand":[],"product_cat":[1134,1123],"product_tag":[1133],"class_list":{"0":"post-14314","1":"product","2":"type-product","3":"status-publish","4":"has-post-thumbnail","6":"product_cat-kettenantriebe","7":"product_cat-sonderantriebe","8":"product_tag-doppelkettenantriebe","9":"pa_hublaenge-51","10":"pa_hublaenge-64","11":"pa_hublaenge-65","12":"pa_hublaenge-66","13":"pa_hublaenge-52","14":"pa_hublaenge-53","15":"pa_hublaenge-54","16":"pa_hublaenge-55","17":"pa_hublaenge-56","18":"pa_hublaenge-57","19":"pa_hublaenge-58","20":"pa_hublaenge-59","21":"pa_hublaenge-61","22":"pa_hublaenge-62","23":"pa_hublaenge-63","25":"first","26":"onbackorder","27":"sale","28":"taxable","29":"shipping-taxable","30":"purchasable","31":"product-type-variable"},"acf":[],"_links":{"self":[{"href":"https:\/\/ventsystems.de\/pl\/wp-json\/wp\/v2\/product\/14314","targetHints":{"allow":["GET"]}}],"collection":[{"href":"https:\/\/ventsystems.de\/pl\/wp-json\/wp\/v2\/product"}],"about":[{"href":"https:\/\/ventsystems.de\/pl\/wp-json\/wp\/v2\/types\/product"}],"wp:featuredmedia":[{"embeddable":true,"href":"https:\/\/ventsystems.de\/pl\/wp-json\/wp\/v2\/media\/2299"}],"wp:attachment":[{"href":"https:\/\/ventsystems.de\/pl\/wp-json\/wp\/v2\/media?parent=14314"}],"wp:term":[{"taxonomy":"product_brand","embeddable":true,"href":"https:\/\/ventsystems.de\/pl\/wp-json\/wp\/v2\/product_brand?post=14314"},{"taxonomy":"product_cat","embeddable":true,"href":"https:\/\/ventsystems.de\/pl\/wp-json\/wp\/v2\/product_cat?post=14314"},{"taxonomy":"product_tag","embeddable":true,"href":"https:\/\/ventsystems.de\/pl\/wp-json\/wp\/v2\/product_tag?post=14314"}],"curies":[{"name":"wp","href":"https:\/\/api.w.org\/{rel}","templated":true}]}}