{"id":14321,"date":"2025-12-12T09:47:43","date_gmt":"2025-12-12T08:47:43","guid":{"rendered":"https:\/\/ventsystems.de\/produkt\/vs-va-600\/"},"modified":"2026-04-20T09:39:29","modified_gmt":"2026-04-20T08:39:29","slug":"vs-va-600","status":"publish","type":"product","link":"https:\/\/ventsystems.de\/pl\/produkt\/vs-va-600\/","title":{"rendered":"VS-VA 600"},"content":{"rendered":"<p>Der Verriegelungsantrieb 600 N wird in Kombination mit Ketten- oder Spindelantrieben verwendet, um Fenster und Klappen sicher zu verriegeln. Er sorgt f\u00fcr optimale Dichtigkeit und erh\u00f6ht die Einbruchhemmung. Durch seine kompakte Bauweise eignet er sich auch f\u00fcr verdeckte Einbauorte.<\/p>","protected":false},"excerpt":{"rendered":"<p>600N Verriegelungsantrieb f\u00fcr Beschlaggetriebe.<\/p>","protected":false},"featured_media":10471,"template":"","meta":{"_acf_changed":false},"product_brand":[],"product_cat":[1134,1123],"product_tag":[1138],"class_list":{"0":"post-14321","1":"product","2":"type-product","3":"status-publish","4":"has-post-thumbnail","6":"product_cat-kettenantriebe","7":"product_cat-sonderantriebe","8":"product_tag-verriegelungsantriebe","9":"pa_hublaenge-75","10":"pa_hublaenge-85","12":"first","13":"onbackorder","14":"sale","15":"taxable","16":"shipping-taxable","17":"purchasable","18":"product-type-variable"},"acf":[],"_links":{"self":[{"href":"https:\/\/ventsystems.de\/pl\/wp-json\/wp\/v2\/product\/14321","targetHints":{"allow":["GET"]}}],"collection":[{"href":"https:\/\/ventsystems.de\/pl\/wp-json\/wp\/v2\/product"}],"about":[{"href":"https:\/\/ventsystems.de\/pl\/wp-json\/wp\/v2\/types\/product"}],"wp:featuredmedia":[{"embeddable":true,"href":"https:\/\/ventsystems.de\/pl\/wp-json\/wp\/v2\/media\/10471"}],"wp:attachment":[{"href":"https:\/\/ventsystems.de\/pl\/wp-json\/wp\/v2\/media?parent=14321"}],"wp:term":[{"taxonomy":"product_brand","embeddable":true,"href":"https:\/\/ventsystems.de\/pl\/wp-json\/wp\/v2\/product_brand?post=14321"},{"taxonomy":"product_cat","embeddable":true,"href":"https:\/\/ventsystems.de\/pl\/wp-json\/wp\/v2\/product_cat?post=14321"},{"taxonomy":"product_tag","embeddable":true,"href":"https:\/\/ventsystems.de\/pl\/wp-json\/wp\/v2\/product_tag?post=14321"}],"curies":[{"name":"wp","href":"https:\/\/api.w.org\/{rel}","templated":true}]}}