{"id":14316,"date":"2025-12-12T09:47:43","date_gmt":"2025-12-12T08:47:43","guid":{"rendered":"https:\/\/ventsystems.de\/produkt\/vs-ka\/"},"modified":"2026-04-29T06:36:25","modified_gmt":"2026-04-29T05:36:25","slug":"vs-ka","status":"publish","type":"product","link":"https:\/\/ventsystems.de\/ru\/product\/vs-ka\/","title":{"rendered":"\u0412\u0421-\u041a\u0410"},"content":{"rendered":"<p>Die Kettenantriebe der Serie VS-KA sind die ideale L\u00f6sung f\u00fcr Standardanwendungen im L\u00fcftungs- und Fassadenbereich. Sie kombinieren kompaktes Design mit zuverl\u00e4ssiger Leistung und eignen sich hervorragend f\u00fcr Auf- und Klappfl\u00fcgel sowie Dachfenster. Die Antriebe k\u00f6nnen in 24 V-Systeme integriert werden und \u00fcberzeugen durch ihre leise, wartungsarme und langlebige Funktionsweise. Die gesamte Baureihe VS-KA bietet flexible L\u00f6sungen f\u00fcr nahezu jede Anforderung: Schub- und Zugkraft von 250 N bis 1.500 N und variable Kettenl\u00e4ngen von 100 mm bis 1.000 mm (je nach Modell stufenlos einstellbar) sind \u00fcber die Auswahlleiste frei w\u00e4hlbar.<\/p>","protected":false},"excerpt":{"rendered":"<p>Universeller Kettenantrieb mit 250N-1500N Schubkraft.<\/p>\n<p>Preis inklusive Standard-Konsolensatz.<\/p>","protected":false},"featured_media":2288,"template":"","meta":{"_acf_changed":false},"product_brand":[],"product_cat":[1134],"product_tag":[],"class_list":{"0":"post-14316","1":"product","2":"type-product","3":"status-publish","4":"has-post-thumbnail","6":"product_cat-kettenantriebe","7":"pa_hublaenge-51","8":"pa_hublaenge-64","9":"pa_hublaenge-52","10":"pa_hublaenge-53","11":"pa_hublaenge-54","12":"pa_hublaenge-55","13":"pa_hublaenge-56","14":"pa_hublaenge-57","15":"pa_hublaenge-58","16":"pa_hublaenge-59","17":"pa_hublaenge-62","18":"pa_hublaenge-68","19":"pa_hublaenge-63","20":"pa_hublaenge-69","21":"pa_schubkraft-122","22":"pa_schubkraft-1194","23":"pa_schubkraft-129","24":"pa_schubkraft-123","25":"pa_spannung-230-v","26":"pa_spannung-24-v","28":"first","29":"instock","30":"sale","31":"taxable","32":"shipping-taxable","33":"purchasable","34":"product-type-variable"},"acf":[],"_links":{"self":[{"href":"https:\/\/ventsystems.de\/ru\/wp-json\/wp\/v2\/product\/14316","targetHints":{"allow":["GET"]}}],"collection":[{"href":"https:\/\/ventsystems.de\/ru\/wp-json\/wp\/v2\/product"}],"about":[{"href":"https:\/\/ventsystems.de\/ru\/wp-json\/wp\/v2\/types\/product"}],"wp:featuredmedia":[{"embeddable":true,"href":"https:\/\/ventsystems.de\/ru\/wp-json\/wp\/v2\/media\/2288"}],"wp:attachment":[{"href":"https:\/\/ventsystems.de\/ru\/wp-json\/wp\/v2\/media?parent=14316"}],"wp:term":[{"taxonomy":"product_brand","embeddable":true,"href":"https:\/\/ventsystems.de\/ru\/wp-json\/wp\/v2\/product_brand?post=14316"},{"taxonomy":"product_cat","embeddable":true,"href":"https:\/\/ventsystems.de\/ru\/wp-json\/wp\/v2\/product_cat?post=14316"},{"taxonomy":"product_tag","embeddable":true,"href":"https:\/\/ventsystems.de\/ru\/wp-json\/wp\/v2\/product_tag?post=14316"}],"curies":[{"name":"wp","href":"https:\/\/api.w.org\/{rel}","templated":true}]}}