{"id":14319,"date":"2025-12-12T09:47:43","date_gmt":"2025-12-12T08:47:43","guid":{"rendered":"https:\/\/ventsystems.de\/produkt\/vs-sa\/"},"modified":"2026-01-12T10:13:59","modified_gmt":"2026-01-12T09:13:59","slug":"vs-sa","status":"publish","type":"product","link":"https:\/\/ventsystems.de\/ru\/product\/vs-sa\/","title":{"rendered":"VS-SA 2500"},"content":{"rendered":"<p>Spindelantriebe VS-SA \u2013 Die kompromisslosen Kraftpakete f\u00fcr schwere Lichtkuppeln und RWA-Anwendungen<br \/>\nDank ihrer enormen Kraftreserven und der hochpr\u00e4zisen, selbsthemmenden Spindeltechnik \u00f6ffnen und schlie\u00dfen sie auch Fl\u00fcgel mit mehreren hundert Kilogramm Gewicht spielend \u2013 Jahr f\u00fcr Jahr, wartungsfrei und nahezu ger\u00e4uschlos.<br \/>\nTechnische Highlights \u2013 direkt \u00fcber die Auswahlleiste konfigurierbar:<\/p>\n<p>Schub- und Zugkraft: 2.500 N<br \/>\nHub von 100 mm bis 1.000 mm (stufenlos einstellbar)<\/p>","protected":false},"excerpt":{"rendered":"<p>\u041c\u043e\u0449\u043d\u044b\u0435 \u043f\u0440\u0438\u0432\u043e\u0434\u044b \u0448\u043f\u0438\u043d\u0434\u0435\u043b\u044f \u0434\u043b\u044f \u0442\u044f\u0436\u0435\u043b\u044b\u0445 \u043b\u0435\u0433\u043a\u0438\u0445 \u043a\u0443\u043f\u043e\u043b\u043e\u0432<\/p>","protected":false},"featured_media":2106,"template":"","meta":{"_acf_changed":false},"product_brand":[],"product_cat":[1137],"product_tag":[],"class_list":{"0":"post-14319","1":"product","2":"type-product","3":"status-publish","4":"has-post-thumbnail","6":"product_cat-spindelantriebe","7":"pa_hublaenge-51","8":"pa_hublaenge-64","9":"pa_hublaenge-53","10":"pa_hublaenge-55","11":"pa_hublaenge-57","12":"pa_hublaenge-59","13":"pa_hublaenge-62","14":"pa_hublaenge-68","15":"pa_hublaenge-63","16":"pa_hublaenge-69","18":"first","19":"onbackorder","20":"sale","21":"taxable","22":"shipping-taxable","23":"purchasable","24":"product-type-variable"},"acf":[],"_links":{"self":[{"href":"https:\/\/ventsystems.de\/ru\/wp-json\/wp\/v2\/product\/14319","targetHints":{"allow":["GET"]}}],"collection":[{"href":"https:\/\/ventsystems.de\/ru\/wp-json\/wp\/v2\/product"}],"about":[{"href":"https:\/\/ventsystems.de\/ru\/wp-json\/wp\/v2\/types\/product"}],"wp:featuredmedia":[{"embeddable":true,"href":"https:\/\/ventsystems.de\/ru\/wp-json\/wp\/v2\/media\/2106"}],"wp:attachment":[{"href":"https:\/\/ventsystems.de\/ru\/wp-json\/wp\/v2\/media?parent=14319"}],"wp:term":[{"taxonomy":"product_brand","embeddable":true,"href":"https:\/\/ventsystems.de\/ru\/wp-json\/wp\/v2\/product_brand?post=14319"},{"taxonomy":"product_cat","embeddable":true,"href":"https:\/\/ventsystems.de\/ru\/wp-json\/wp\/v2\/product_cat?post=14319"},{"taxonomy":"product_tag","embeddable":true,"href":"https:\/\/ventsystems.de\/ru\/wp-json\/wp\/v2\/product_tag?post=14319"}],"curies":[{"name":"wp","href":"https:\/\/api.w.org\/{rel}","templated":true}]}}