{"id":14322,"date":"2025-12-12T09:47:43","date_gmt":"2025-12-12T08:47:43","guid":{"rendered":"https:\/\/ventsystems.de\/produkt\/vs-za-800\/"},"modified":"2026-04-20T08:09:47","modified_gmt":"2026-04-20T07:09:47","slug":"vs-za-800","status":"publish","type":"product","link":"https:\/\/ventsystems.de\/ru\/product\/vs-za-800\/","title":{"rendered":"\u0412\u0421-\u0417\u0410 800"},"content":{"rendered":"<p>Zahnstangenantriebe VS-ZA \u2013 Kraftpakete f\u00fcr harte Eins\u00e4tze!<br \/>\nDie Zahnstangenantriebe der Serie VS-ZA sind die robuste und leistungsstarke L\u00f6sung, wenn hohe Kr\u00e4fte bei gleichzeitig widerstandsf\u00e4higer Bauart gefordert sind. Sie werden sichtbar auf dem Rahmen oder Blendrahmen montiert und eignen sich hervorragend f\u00fcr gro\u00dfe Kipp-, Klapp- und Drehfl\u00fcgel, Schwingfl\u00fcgel, Lichtkuppeln sowie f\u00fcr anspruchsvolle RWA- und L\u00fcftungsanwendungen im Innen- und Au\u00dfenbereich.<br \/>\nDank ihrer durchdachten Konstruktion halten sie auch extremen Belastungen problemlos stand:<br \/>\nTechnische Highlights \u2013 direkt \u00fcber die Auswahlleiste konfigurierbar:<\/p>\n<p>Schub- und Zugkraft: 800 N (auch bei sehr schweren und gro\u00dfen Fl\u00fcgeln)<br \/>\nHub von 100 mm bis 800 mm (stufenlos einstellbar)<br \/>\nHochbelastbare, pr\u00e4zisionsgefr\u00e4ste Zahnstange aus Edelstahl \u2013 extrem stabil und verschlei\u00dffest<br \/>\nSehr hohe Schlie\u00dfkraft mit sanfter Endlagenabschaltung<br \/>\nSchutzart IP65 \u2013 komplett staubdicht und gesch\u00fctzt gegen Strahlwasser aus allen Richtungen.<br \/>\nEinfach den gew\u00fcnschten Hub (100\u2013800 mm) \u00fcber die Auswahlleiste w\u00e4hlen und sofort das passende Kraftpaket konfigurieren.<\/p>","protected":false},"excerpt":{"rendered":"<p>Zahnstangenantrieb mit 800 N Schubkraft.<\/p>\n<p>Preis inklusive Standard-Konsolensatz.<\/p>","protected":false},"featured_media":2303,"template":"","meta":{"_acf_changed":false},"product_brand":[],"product_cat":[1139],"product_tag":[],"class_list":{"0":"post-14322","1":"product","2":"type-product","3":"status-publish","4":"has-post-thumbnail","6":"product_cat-zahnstangenantriebe","7":"pa_hublaenge-51","8":"pa_hublaenge-64","9":"pa_hublaenge-53","10":"pa_hublaenge-55","11":"pa_hublaenge-56","12":"pa_hublaenge-57","13":"pa_hublaenge-58","14":"pa_hublaenge-59","15":"pa_hublaenge-61","16":"pa_hublaenge-62","17":"pa_hublaenge-68","18":"pa_hublaenge-63","19":"pa_hublaenge-69","20":"pa_spannung-230-v","21":"pa_spannung-24-v","23":"first","24":"instock","25":"sale","26":"taxable","27":"shipping-taxable","28":"purchasable","29":"product-type-variable"},"acf":[],"_links":{"self":[{"href":"https:\/\/ventsystems.de\/ru\/wp-json\/wp\/v2\/product\/14322","targetHints":{"allow":["GET"]}}],"collection":[{"href":"https:\/\/ventsystems.de\/ru\/wp-json\/wp\/v2\/product"}],"about":[{"href":"https:\/\/ventsystems.de\/ru\/wp-json\/wp\/v2\/types\/product"}],"wp:featuredmedia":[{"embeddable":true,"href":"https:\/\/ventsystems.de\/ru\/wp-json\/wp\/v2\/media\/2303"}],"wp:attachment":[{"href":"https:\/\/ventsystems.de\/ru\/wp-json\/wp\/v2\/media?parent=14322"}],"wp:term":[{"taxonomy":"product_brand","embeddable":true,"href":"https:\/\/ventsystems.de\/ru\/wp-json\/wp\/v2\/product_brand?post=14322"},{"taxonomy":"product_cat","embeddable":true,"href":"https:\/\/ventsystems.de\/ru\/wp-json\/wp\/v2\/product_cat?post=14322"},{"taxonomy":"product_tag","embeddable":true,"href":"https:\/\/ventsystems.de\/ru\/wp-json\/wp\/v2\/product_tag?post=14322"}],"curies":[{"name":"wp","href":"https:\/\/api.w.org\/{rel}","templated":true}]}}