{"id":14315,"date":"2025-12-12T09:47:43","date_gmt":"2025-12-12T08:47:43","guid":{"rendered":"https:\/\/ventsystems.de\/produkt\/vs-cka-300\/"},"modified":"2026-04-20T08:28:59","modified_gmt":"2026-04-20T07:28:59","slug":"vs-cka-300","status":"publish","type":"product","link":"https:\/\/ventsystems.de\/uk\/product\/vs-cka-300\/","title":{"rendered":"\u0412\u0421-\u0421\u041a\u0410 300"},"content":{"rendered":"<p>Dieser Einbau-Kettenantrieb mit 300 N Schubkraft ist f\u00fcr verdeckte Montage in Holz-, Kunststoff- oder Aluminiumfenstern entwickelt. Durch die schmale Bauform integriert sich der Antrieb nahezu unsichtbar in das Fensterprofil. Ideal f\u00fcr Architekturanwendungen, bei denen Funktionalit\u00e4t und Design gleicherma\u00dfen gefordert sind.<\/p>","protected":false},"excerpt":{"rendered":"<p>\u041d\u0438\u0437\u044c\u043a\u043e\u043f\u0440\u043e\u0444\u0456\u043b\u044c\u043d\u0438\u0439 \u0432\u0431\u0443\u0434\u043e\u0432\u0443\u0432\u0430\u043d\u0438\u0439 \u043b\u0430\u043d\u0446\u044e\u0433\u043e\u0432\u0438\u0439 \u043f\u0440\u0438\u0432\u0456\u0434 \u0456\u0437 \u0437\u0443\u0441\u0438\u043b\u043b\u044f\u043c \u0442\u044f\u0433\u0438 300 \u041c \u0434\u043b\u044f \u0430\u0432\u0442\u043e\u043c\u0430\u0442\u0438\u0437\u0430\u0446\u0456\u0457 \u043f\u0440\u0438\u0445\u043e\u0432\u0430\u043d\u0438\u0445 \u0432\u0456\u043a\u043e\u043d.<\/p>","protected":false},"featured_media":12466,"template":"","meta":{"_acf_changed":false},"product_brand":[],"product_cat":[1134],"product_tag":[],"class_list":{"0":"post-14315","1":"product","2":"type-product","3":"status-publish","4":"has-post-thumbnail","6":"product_cat-kettenantriebe","7":"pa_hublaenge-51","8":"pa_hublaenge-64","9":"pa_hublaenge-52","10":"pa_hublaenge-53","11":"pa_hublaenge-54","12":"pa_hublaenge-55","13":"pa_hublaenge-56","14":"pa_hublaenge-57","15":"pa_hublaenge-59","16":"pa_hublaenge-62","17":"pa_hublaenge-68","18":"pa_hublaenge-63","19":"pa_hublaenge-69","21":"first","22":"onbackorder","23":"sale","24":"taxable","25":"shipping-taxable","26":"purchasable","27":"product-type-variable"},"acf":[],"_links":{"self":[{"href":"https:\/\/ventsystems.de\/uk\/wp-json\/wp\/v2\/product\/14315","targetHints":{"allow":["GET"]}}],"collection":[{"href":"https:\/\/ventsystems.de\/uk\/wp-json\/wp\/v2\/product"}],"about":[{"href":"https:\/\/ventsystems.de\/uk\/wp-json\/wp\/v2\/types\/product"}],"wp:featuredmedia":[{"embeddable":true,"href":"https:\/\/ventsystems.de\/uk\/wp-json\/wp\/v2\/media\/12466"}],"wp:attachment":[{"href":"https:\/\/ventsystems.de\/uk\/wp-json\/wp\/v2\/media?parent=14315"}],"wp:term":[{"taxonomy":"product_brand","embeddable":true,"href":"https:\/\/ventsystems.de\/uk\/wp-json\/wp\/v2\/product_brand?post=14315"},{"taxonomy":"product_cat","embeddable":true,"href":"https:\/\/ventsystems.de\/uk\/wp-json\/wp\/v2\/product_cat?post=14315"},{"taxonomy":"product_tag","embeddable":true,"href":"https:\/\/ventsystems.de\/uk\/wp-json\/wp\/v2\/product_tag?post=14315"}],"curies":[{"name":"wp","href":"https:\/\/api.w.org\/{rel}","templated":true}]}}