{"id":14320,"date":"2025-12-12T09:47:43","date_gmt":"2025-12-12T08:47:43","guid":{"rendered":"https:\/\/ventsystems.de\/produkt\/vs-ka-i\/"},"modified":"2026-04-20T05:48:31","modified_gmt":"2026-04-20T04:48:31","slug":"vs-ka-i","status":"publish","type":"product","link":"https:\/\/ventsystems.de\/uk\/product\/vs-ka-i\/","title":{"rendered":"VS-KA i"},"content":{"rendered":"<p>Die Kettenantriebe der Serie VS-KA-i sind die ideale L\u00f6sung f\u00fcr Standardanwendungen im L\u00fcftungs- und Fassadenbereich. Sie kombinieren kompaktes Design mit zuverl\u00e4ssiger Leistung und eignen sich hervorragend f\u00fcr Auf- und Klappfl\u00fcgel sowie Dachfenster. Die Antriebe verf\u00fcgen \u00fcber die Synchronisationsfunktion, k\u00f6nnen in 24 V A\/B-Modbus-Kommunikationsschnittstellen integriert werden und \u00fcberzeugen durch ihre leise, wartungsarme und langlebige Funktionsweise. Die gesamte Baureihe VS-KA-i bietet flexible L\u00f6sungen f\u00fcr nahezu jede Anforderung: Schub- und Zugkraft von 250 N bis 1.500 N und variable Kettenl\u00e4ngen von 100 mm bis 1.400 mm (je nach Modell stufenlos einstellbar) sind \u00fcber die Auswahlleiste frei w\u00e4hlbar.<\/p>","protected":false},"excerpt":{"rendered":"<p>Smarter, programmierbarer Kettenantrieb mit Synchronisationsfunktion und Integration in Bus-Systeme.<\/p>","protected":false},"featured_media":10469,"template":"","meta":{"_acf_changed":false},"product_brand":[],"product_cat":[1134,1123],"product_tag":[],"class_list":{"0":"post-14320","1":"product","2":"type-product","3":"status-publish","4":"has-post-thumbnail","6":"product_cat-kettenantriebe","7":"product_cat-sonderantriebe","8":"pa_hublaenge-64","9":"pa_hublaenge-65","10":"pa_hublaenge-66","11":"pa_hublaenge-55","12":"pa_hublaenge-57","13":"pa_hublaenge-59","14":"pa_hublaenge-62","15":"pa_hublaenge-68","16":"pa_hublaenge-63","17":"pa_hublaenge-69","18":"pa_schubkraft-124","19":"pa_schubkraft-122","20":"pa_schubkraft-1194","21":"pa_schubkraft-1210","22":"pa_schubkraft-123","23":"pa_schubkraft-121","25":"first","26":"instock","27":"sale","28":"taxable","29":"shipping-taxable","30":"purchasable","31":"product-type-variable"},"acf":[],"_links":{"self":[{"href":"https:\/\/ventsystems.de\/uk\/wp-json\/wp\/v2\/product\/14320","targetHints":{"allow":["GET"]}}],"collection":[{"href":"https:\/\/ventsystems.de\/uk\/wp-json\/wp\/v2\/product"}],"about":[{"href":"https:\/\/ventsystems.de\/uk\/wp-json\/wp\/v2\/types\/product"}],"wp:featuredmedia":[{"embeddable":true,"href":"https:\/\/ventsystems.de\/uk\/wp-json\/wp\/v2\/media\/10469"}],"wp:attachment":[{"href":"https:\/\/ventsystems.de\/uk\/wp-json\/wp\/v2\/media?parent=14320"}],"wp:term":[{"taxonomy":"product_brand","embeddable":true,"href":"https:\/\/ventsystems.de\/uk\/wp-json\/wp\/v2\/product_brand?post=14320"},{"taxonomy":"product_cat","embeddable":true,"href":"https:\/\/ventsystems.de\/uk\/wp-json\/wp\/v2\/product_cat?post=14320"},{"taxonomy":"product_tag","embeddable":true,"href":"https:\/\/ventsystems.de\/uk\/wp-json\/wp\/v2\/product_tag?post=14320"}],"curies":[{"name":"wp","href":"https:\/\/api.w.org\/{rel}","templated":true}]}}